{"id":6596,"date":"2018-11-27T08:02:09","date_gmt":"2018-11-27T08:02:09","guid":{"rendered":"https:\/\/shop.tjasha.si\/product\/moser-masinica1584li-pro\/"},"modified":"2024-12-30T16:28:24","modified_gmt":"2024-12-30T16:28:24","slug":"moser-masinica1584li-pro","status":"publish","type":"product","link":"https:\/\/shop.tjasha.si\/en\/trgovina\/moser-masinica1584li-pro\/","title":{"rendered":"Aparat za stri\u017eenje Moser 1584 Li+Pro Mini"},"content":{"rendered":"<p>Stroj\u010dek za stri\u017eenje.<\/p>","protected":false},"excerpt":{"rendered":"<p>Stroj\u010dek za stri\u017eenje.<\/p>","protected":false},"featured_media":6595,"template":"","meta":{"_acf_changed":false,"inline_featured_image":false,"_monsterinsights_skip_tracking":false,"_monsterinsights_sitenote_active":false,"_monsterinsights_sitenote_note":"","_monsterinsights_sitenote_category":0},"product_cat":[153,154,160],"product_tag":[],"aioseo_notices":[],"acf":[],"_links":{"self":[{"href":"https:\/\/shop.tjasha.si\/en\/wp-json\/wp\/v2\/product\/6596"}],"collection":[{"href":"https:\/\/shop.tjasha.si\/en\/wp-json\/wp\/v2\/product"}],"about":[{"href":"https:\/\/shop.tjasha.si\/en\/wp-json\/wp\/v2\/types\/product"}],"version-history":[{"count":1,"href":"https:\/\/shop.tjasha.si\/en\/wp-json\/wp\/v2\/product\/6596\/revisions"}],"predecessor-version":[{"id":9835,"href":"https:\/\/shop.tjasha.si\/en\/wp-json\/wp\/v2\/product\/6596\/revisions\/9835"}],"wp:featuredmedia":[{"embeddable":true,"href":"https:\/\/shop.tjasha.si\/en\/wp-json\/wp\/v2\/media\/6595"}],"wp:attachment":[{"href":"https:\/\/shop.tjasha.si\/en\/wp-json\/wp\/v2\/media?parent=6596"}],"wp:term":[{"taxonomy":"product_cat","embeddable":true,"href":"https:\/\/shop.tjasha.si\/en\/wp-json\/wp\/v2\/product_cat?post=6596"},{"taxonomy":"product_tag","embeddable":true,"href":"https:\/\/shop.tjasha.si\/en\/wp-json\/wp\/v2\/product_tag?post=6596"}],"curies":[{"name":"wp","href":"https:\/\/api.w.org\/{rel}","templated":true}]}}