{"id":6600,"date":"2018-11-27T08:32:54","date_gmt":"2018-11-27T08:32:54","guid":{"rendered":"https:\/\/shop.tjasha.si\/product\/moser-masina-aparat-za-strizenje-moser1591\/"},"modified":"2023-10-03T16:40:21","modified_gmt":"2023-10-03T16:40:21","slug":"moser-masina-aparat-za-strizenje-moser1591","status":"publish","type":"product","link":"https:\/\/shop.tjasha.si\/en\/trgovina\/moser-masina-aparat-za-strizenje-moser1591\/","title":{"rendered":"Aparat za stri\u017eenje Moser 1591"},"content":{"rendered":"<p>NOV MODEL! Mo\u010dnej\u0161i motor! Moser Chro Mini Pro 1591 je profesionalen aparat za stri\u017eenje s \u0161irino rezila 32 mm in dol\u017eino rezila 0,4 mm. Idealen za oblikovanje kontur, finih linij in kreativen slog. Primeren za stri\u017eenje kraj\u0161ih las, brade in brkov.<\/p>","protected":false},"excerpt":{"rendered":"<p>Stroj\u010dek za stri\u017eenje.<\/p>","protected":false},"featured_media":9578,"template":"","meta":{"_acf_changed":false,"inline_featured_image":false,"_monsterinsights_skip_tracking":false,"_monsterinsights_sitenote_active":false,"_monsterinsights_sitenote_note":"","_monsterinsights_sitenote_category":0},"product_cat":[153,154,160],"product_tag":[],"aioseo_notices":[],"acf":[],"_links":{"self":[{"href":"https:\/\/shop.tjasha.si\/en\/wp-json\/wp\/v2\/product\/6600"}],"collection":[{"href":"https:\/\/shop.tjasha.si\/en\/wp-json\/wp\/v2\/product"}],"about":[{"href":"https:\/\/shop.tjasha.si\/en\/wp-json\/wp\/v2\/types\/product"}],"version-history":[{"count":3,"href":"https:\/\/shop.tjasha.si\/en\/wp-json\/wp\/v2\/product\/6600\/revisions"}],"predecessor-version":[{"id":9580,"href":"https:\/\/shop.tjasha.si\/en\/wp-json\/wp\/v2\/product\/6600\/revisions\/9580"}],"wp:featuredmedia":[{"embeddable":true,"href":"https:\/\/shop.tjasha.si\/en\/wp-json\/wp\/v2\/media\/9578"}],"wp:attachment":[{"href":"https:\/\/shop.tjasha.si\/en\/wp-json\/wp\/v2\/media?parent=6600"}],"wp:term":[{"taxonomy":"product_cat","embeddable":true,"href":"https:\/\/shop.tjasha.si\/en\/wp-json\/wp\/v2\/product_cat?post=6600"},{"taxonomy":"product_tag","embeddable":true,"href":"https:\/\/shop.tjasha.si\/en\/wp-json\/wp\/v2\/product_tag?post=6600"}],"curies":[{"name":"wp","href":"https:\/\/api.w.org\/{rel}","templated":true}]}}