{"id":6602,"date":"2018-11-27T08:36:11","date_gmt":"2018-11-27T08:36:11","guid":{"rendered":"https:\/\/shop.tjasha.si\/product\/moser-masina-aparat-za-strizenje-moser1591t\/"},"modified":"2023-10-03T16:40:10","modified_gmt":"2023-10-03T16:40:10","slug":"moser-masina-aparat-za-strizenje-moser1591t","status":"publish","type":"product","link":"https:\/\/shop.tjasha.si\/en\/trgovina\/moser-masina-aparat-za-strizenje-moser1591t\/","title":{"rendered":"Aparat za stri\u017eenje MOSER 1591 T-Cut"},"content":{"rendered":"<p>Stroj\u010dek za stri\u017eenje.<\/p>","protected":false},"excerpt":{"rendered":"<p>Stroj\u010dek za stri\u017eenje.<\/p>","protected":false},"featured_media":6601,"template":"","meta":{"_acf_changed":false,"inline_featured_image":false,"_monsterinsights_skip_tracking":false,"_monsterinsights_sitenote_active":false,"_monsterinsights_sitenote_note":"","_monsterinsights_sitenote_category":0},"product_cat":[153,154,160],"product_tag":[],"aioseo_notices":[],"acf":[],"_links":{"self":[{"href":"https:\/\/shop.tjasha.si\/en\/wp-json\/wp\/v2\/product\/6602"}],"collection":[{"href":"https:\/\/shop.tjasha.si\/en\/wp-json\/wp\/v2\/product"}],"about":[{"href":"https:\/\/shop.tjasha.si\/en\/wp-json\/wp\/v2\/types\/product"}],"version-history":[{"count":1,"href":"https:\/\/shop.tjasha.si\/en\/wp-json\/wp\/v2\/product\/6602\/revisions"}],"predecessor-version":[{"id":9833,"href":"https:\/\/shop.tjasha.si\/en\/wp-json\/wp\/v2\/product\/6602\/revisions\/9833"}],"wp:featuredmedia":[{"embeddable":true,"href":"https:\/\/shop.tjasha.si\/en\/wp-json\/wp\/v2\/media\/6601"}],"wp:attachment":[{"href":"https:\/\/shop.tjasha.si\/en\/wp-json\/wp\/v2\/media?parent=6602"}],"wp:term":[{"taxonomy":"product_cat","embeddable":true,"href":"https:\/\/shop.tjasha.si\/en\/wp-json\/wp\/v2\/product_cat?post=6602"},{"taxonomy":"product_tag","embeddable":true,"href":"https:\/\/shop.tjasha.si\/en\/wp-json\/wp\/v2\/product_tag?post=6602"}],"curies":[{"name":"wp","href":"https:\/\/api.w.org\/{rel}","templated":true}]}}