{"id":6606,"date":"2018-11-27T08:44:37","date_gmt":"2018-11-27T08:44:37","guid":{"rendered":"https:\/\/shop.tjasha.si\/product\/moser-masina1871pro\/"},"modified":"2023-10-03T16:39:46","modified_gmt":"2023-10-03T16:39:46","slug":"moser-masina1871pro","status":"publish","type":"product","link":"https:\/\/shop.tjasha.si\/en\/trgovina\/moser-masina1871pro\/","title":{"rendered":"Aparat za stri\u017eenje Moser 1871 Pro"},"content":{"rendered":"<p>Stroj\u010dek za stri\u017eenje.<\/p>","protected":false},"excerpt":{"rendered":"<p>Stroj\u010dek za stri\u017eenje.<\/p>","protected":false},"featured_media":6605,"template":"","meta":{"_acf_changed":false,"inline_featured_image":false,"_monsterinsights_skip_tracking":false,"_monsterinsights_sitenote_active":false,"_monsterinsights_sitenote_note":"","_monsterinsights_sitenote_category":0},"product_cat":[153,154,160],"product_tag":[],"aioseo_notices":[],"acf":[],"_links":{"self":[{"href":"https:\/\/shop.tjasha.si\/en\/wp-json\/wp\/v2\/product\/6606"}],"collection":[{"href":"https:\/\/shop.tjasha.si\/en\/wp-json\/wp\/v2\/product"}],"about":[{"href":"https:\/\/shop.tjasha.si\/en\/wp-json\/wp\/v2\/types\/product"}],"version-history":[{"count":1,"href":"https:\/\/shop.tjasha.si\/en\/wp-json\/wp\/v2\/product\/6606\/revisions"}],"predecessor-version":[{"id":9831,"href":"https:\/\/shop.tjasha.si\/en\/wp-json\/wp\/v2\/product\/6606\/revisions\/9831"}],"wp:featuredmedia":[{"embeddable":true,"href":"https:\/\/shop.tjasha.si\/en\/wp-json\/wp\/v2\/media\/6605"}],"wp:attachment":[{"href":"https:\/\/shop.tjasha.si\/en\/wp-json\/wp\/v2\/media?parent=6606"}],"wp:term":[{"taxonomy":"product_cat","embeddable":true,"href":"https:\/\/shop.tjasha.si\/en\/wp-json\/wp\/v2\/product_cat?post=6606"},{"taxonomy":"product_tag","embeddable":true,"href":"https:\/\/shop.tjasha.si\/en\/wp-json\/wp\/v2\/product_tag?post=6606"}],"curies":[{"name":"wp","href":"https:\/\/api.w.org\/{rel}","templated":true}]}}