{"id":6608,"date":"2018-11-27T08:47:43","date_gmt":"2018-11-27T08:47:43","guid":{"rendered":"https:\/\/shop.tjasha.si\/product\/moser-masina1871pro-2\/"},"modified":"2023-10-03T16:39:33","modified_gmt":"2023-10-03T16:39:33","slug":"moser-masina1871pro-2","status":"publish","type":"product","link":"https:\/\/shop.tjasha.si\/en\/trgovina\/moser-masina1871pro-2\/","title":{"rendered":"Aparat za stri\u017eenje Moser 1881"},"content":{"rendered":"<p>Stroj\u010dek za stri\u017eenje.<br \/>\nMAGIC BLADE:<br \/>\nProfesionalen, visokokakovosten jeklen no\u017e, s kovinskim rezilom. Mo\u017enost nastavitve rezila od 0,7mm do 3mm. .<\/p>\n<p>HITRA MENJAVA NO\u017dA:<br \/>\nLahko odstranjevanje no\u017ea omogo\u010da hitro in lahko \u010di\u0161\u010denje.<br \/>\nEkstremno tih in lahek \u2013 190g<\/p>","protected":false},"excerpt":{"rendered":"<p>Stroj\u010dek za stri\u017eenje.<\/p>","protected":false},"featured_media":6607,"template":"","meta":{"_acf_changed":false,"inline_featured_image":false,"_monsterinsights_skip_tracking":false,"_monsterinsights_sitenote_active":false,"_monsterinsights_sitenote_note":"","_monsterinsights_sitenote_category":0},"product_cat":[153,154,160],"product_tag":[],"aioseo_notices":[],"acf":[],"_links":{"self":[{"href":"https:\/\/shop.tjasha.si\/en\/wp-json\/wp\/v2\/product\/6608"}],"collection":[{"href":"https:\/\/shop.tjasha.si\/en\/wp-json\/wp\/v2\/product"}],"about":[{"href":"https:\/\/shop.tjasha.si\/en\/wp-json\/wp\/v2\/types\/product"}],"version-history":[{"count":1,"href":"https:\/\/shop.tjasha.si\/en\/wp-json\/wp\/v2\/product\/6608\/revisions"}],"predecessor-version":[{"id":9830,"href":"https:\/\/shop.tjasha.si\/en\/wp-json\/wp\/v2\/product\/6608\/revisions\/9830"}],"wp:featuredmedia":[{"embeddable":true,"href":"https:\/\/shop.tjasha.si\/en\/wp-json\/wp\/v2\/media\/6607"}],"wp:attachment":[{"href":"https:\/\/shop.tjasha.si\/en\/wp-json\/wp\/v2\/media?parent=6608"}],"wp:term":[{"taxonomy":"product_cat","embeddable":true,"href":"https:\/\/shop.tjasha.si\/en\/wp-json\/wp\/v2\/product_cat?post=6608"},{"taxonomy":"product_tag","embeddable":true,"href":"https:\/\/shop.tjasha.si\/en\/wp-json\/wp\/v2\/product_tag?post=6608"}],"curies":[{"name":"wp","href":"https:\/\/api.w.org\/{rel}","templated":true}]}}