{"id":6614,"date":"2018-11-27T08:56:31","date_gmt":"2018-11-27T08:56:31","guid":{"rendered":"https:\/\/shop.tjasha.si\/product\/moser-moser-1873-vario-cut\/"},"modified":"2023-10-03T16:39:07","modified_gmt":"2023-10-03T16:39:07","slug":"moser-moser-1873-vario-cut","status":"publish","type":"product","link":"https:\/\/shop.tjasha.si\/en\/trgovina\/moser-moser-1873-vario-cut\/","title":{"rendered":"MOSER 1873 VARIO CUT APARAT ZA STRI\u017dENJE"},"content":{"rendered":"<p>Stroj\u010dek za stri\u017eenje.<\/p>","protected":false},"excerpt":{"rendered":"<p>Stroj\u010dek za stri\u017eenje.<\/p>","protected":false},"featured_media":6613,"template":"","meta":{"_acf_changed":false,"inline_featured_image":false,"_monsterinsights_skip_tracking":false,"_monsterinsights_sitenote_active":false,"_monsterinsights_sitenote_note":"","_monsterinsights_sitenote_category":0},"product_cat":[153,154,160],"product_tag":[],"aioseo_notices":[],"acf":[],"_links":{"self":[{"href":"https:\/\/shop.tjasha.si\/en\/wp-json\/wp\/v2\/product\/6614"}],"collection":[{"href":"https:\/\/shop.tjasha.si\/en\/wp-json\/wp\/v2\/product"}],"about":[{"href":"https:\/\/shop.tjasha.si\/en\/wp-json\/wp\/v2\/types\/product"}],"version-history":[{"count":1,"href":"https:\/\/shop.tjasha.si\/en\/wp-json\/wp\/v2\/product\/6614\/revisions"}],"predecessor-version":[{"id":9828,"href":"https:\/\/shop.tjasha.si\/en\/wp-json\/wp\/v2\/product\/6614\/revisions\/9828"}],"wp:featuredmedia":[{"embeddable":true,"href":"https:\/\/shop.tjasha.si\/en\/wp-json\/wp\/v2\/media\/6613"}],"wp:attachment":[{"href":"https:\/\/shop.tjasha.si\/en\/wp-json\/wp\/v2\/media?parent=6614"}],"wp:term":[{"taxonomy":"product_cat","embeddable":true,"href":"https:\/\/shop.tjasha.si\/en\/wp-json\/wp\/v2\/product_cat?post=6614"},{"taxonomy":"product_tag","embeddable":true,"href":"https:\/\/shop.tjasha.si\/en\/wp-json\/wp\/v2\/product_tag?post=6614"}],"curies":[{"name":"wp","href":"https:\/\/api.w.org\/{rel}","templated":true}]}}