{"id":6632,"date":"2018-12-10T10:40:38","date_gmt":"2018-12-10T10:40:38","guid":{"rendered":"https:\/\/shop.tjasha.si\/product\/darilni-bon-2-3\/"},"modified":"2025-12-23T08:09:42","modified_gmt":"2025-12-23T08:09:42","slug":"darilni-bon-2-3","status":"publish","type":"product","link":"https:\/\/shop.tjasha.si\/en\/trgovina\/darilni-bon-2-3\/","title":{"rendered":"Darilni bon Mo\u0161ko stri\u017eenje &#8211; zahtevno"},"content":{"rendered":"<p>Umivanje las, stri\u017eenje in sprostitvena masa\u017ea lasi\u0161\u010da.<\/p>\n<p>Veljavnost bona je 6 mesecev od dneva nakupa.<\/p>","protected":false},"excerpt":{"rendered":"<p>Z bonom vam nudimo mo\u0161ko stri\u017eenje in sprostitvena masa\u017eo lasi\u0161\u010da. V Salonu Tjasha v centru in Salonu Tjasha na Brdu bomo poskrbeli za\u00a0 razvajanje.<\/p>","protected":false},"featured_media":11666,"template":"","meta":{"_acf_changed":false,"inline_featured_image":false,"_monsterinsights_skip_tracking":false,"_monsterinsights_sitenote_active":false,"_monsterinsights_sitenote_note":"","_monsterinsights_sitenote_category":0},"product_cat":[377,166],"product_tag":[],"aioseo_notices":[],"acf":[],"_links":{"self":[{"href":"https:\/\/shop.tjasha.si\/en\/wp-json\/wp\/v2\/product\/6632"}],"collection":[{"href":"https:\/\/shop.tjasha.si\/en\/wp-json\/wp\/v2\/product"}],"about":[{"href":"https:\/\/shop.tjasha.si\/en\/wp-json\/wp\/v2\/types\/product"}],"version-history":[{"count":3,"href":"https:\/\/shop.tjasha.si\/en\/wp-json\/wp\/v2\/product\/6632\/revisions"}],"predecessor-version":[{"id":11680,"href":"https:\/\/shop.tjasha.si\/en\/wp-json\/wp\/v2\/product\/6632\/revisions\/11680"}],"wp:featuredmedia":[{"embeddable":true,"href":"https:\/\/shop.tjasha.si\/en\/wp-json\/wp\/v2\/media\/11666"}],"wp:attachment":[{"href":"https:\/\/shop.tjasha.si\/en\/wp-json\/wp\/v2\/media?parent=6632"}],"wp:term":[{"taxonomy":"product_cat","embeddable":true,"href":"https:\/\/shop.tjasha.si\/en\/wp-json\/wp\/v2\/product_cat?post=6632"},{"taxonomy":"product_tag","embeddable":true,"href":"https:\/\/shop.tjasha.si\/en\/wp-json\/wp\/v2\/product_tag?post=6632"}],"curies":[{"name":"wp","href":"https:\/\/api.w.org\/{rel}","templated":true}]}}