{"id":6640,"date":"2018-12-11T07:43:16","date_gmt":"2018-12-11T07:43:16","guid":{"rendered":"https:\/\/shop.tjasha.si\/product\/darilni-bon-tjasha-4\/"},"modified":"2025-12-23T08:08:49","modified_gmt":"2025-12-23T08:08:49","slug":"darilni-bon-tjasha-4","status":"publish","type":"product","link":"https:\/\/shop.tjasha.si\/en\/trgovina\/darilni-bon-tjasha-4\/","title":{"rendered":"Darilni bon Popolna nega brade"},"content":{"rendered":"<p>Popolna nega brade v Salonu Tjasha Center in Salon Tja\u0161a Brdo. Mi pa bomo poskrbeli, da se bo pri nas dobro po\u010dutil, se sprostil, u\u017eival.<\/p>\n<p>&nbsp;<\/p>\n<p>Bon velja za urejanje brade, masa\u017eo obraza in toplo oblogo.<br \/>\nVeljavnost bonov je 6 mesecev od dneva nakupa.<\/p>","protected":false},"excerpt":{"rendered":"<p>Popolna nega brade v Salonu Tjasha Center in Salon Tja\u0161a Brdo. Mi\u00a0 bomo poskrbeli, da se bo pri nas dobro po\u010dutil, se sprostil, u\u017eival.<\/p>\n<p>&nbsp;<\/p>","protected":false},"featured_media":11666,"template":"","meta":{"_acf_changed":false,"inline_featured_image":false,"_monsterinsights_skip_tracking":false,"_monsterinsights_sitenote_active":false,"_monsterinsights_sitenote_note":"","_monsterinsights_sitenote_category":0},"product_cat":[377,166],"product_tag":[],"aioseo_notices":[],"acf":[],"_links":{"self":[{"href":"https:\/\/shop.tjasha.si\/en\/wp-json\/wp\/v2\/product\/6640"}],"collection":[{"href":"https:\/\/shop.tjasha.si\/en\/wp-json\/wp\/v2\/product"}],"about":[{"href":"https:\/\/shop.tjasha.si\/en\/wp-json\/wp\/v2\/types\/product"}],"version-history":[{"count":3,"href":"https:\/\/shop.tjasha.si\/en\/wp-json\/wp\/v2\/product\/6640\/revisions"}],"predecessor-version":[{"id":11678,"href":"https:\/\/shop.tjasha.si\/en\/wp-json\/wp\/v2\/product\/6640\/revisions\/11678"}],"wp:featuredmedia":[{"embeddable":true,"href":"https:\/\/shop.tjasha.si\/en\/wp-json\/wp\/v2\/media\/11666"}],"wp:attachment":[{"href":"https:\/\/shop.tjasha.si\/en\/wp-json\/wp\/v2\/media?parent=6640"}],"wp:term":[{"taxonomy":"product_cat","embeddable":true,"href":"https:\/\/shop.tjasha.si\/en\/wp-json\/wp\/v2\/product_cat?post=6640"},{"taxonomy":"product_tag","embeddable":true,"href":"https:\/\/shop.tjasha.si\/en\/wp-json\/wp\/v2\/product_tag?post=6640"}],"curies":[{"name":"wp","href":"https:\/\/api.w.org\/{rel}","templated":true}]}}