{"id":6642,"date":"2018-12-11T07:56:56","date_gmt":"2018-12-11T07:56:56","guid":{"rendered":"https:\/\/shop.tjasha.si\/product\/darilni-bon-tjasha-5\/"},"modified":"2025-12-23T08:07:53","modified_gmt":"2025-12-23T08:07:53","slug":"darilni-bon-tjasha-5","status":"publish","type":"product","link":"https:\/\/shop.tjasha.si\/en\/trgovina\/darilni-bon-tjasha-5\/","title":{"rendered":"Darilni bon \u017densko feniranje srednje dol\u017eine las do 20 cm"},"content":{"rendered":"<p>Nudili fen pri\u010desko v Salonu Tjasha Center in Salon Tja\u0161a Brdo. Mi pa bomo poskrbeli, da se bo pri nas dobro po\u010dutil, se sprostil, u\u017eival.<\/p>\n<p>&nbsp;<\/p>\n<p>Za dol\u017eino las do 20 cm naprej. Nudi umivanje las, masa\u017eo lasi\u0161\u010da, feniranje las, ter produkti za bolj\u0161o obstojnost pri\u010deske.<br \/>\nVeljavnost bonov je 6 mesecev od dneva nakupa.<\/p>","protected":false},"excerpt":{"rendered":"<p>Nudili vam bomo fen pri\u010desko v Salonu Tjasha Center in Salon Tja\u0161a Brdo. Mi pa bomo poskrbeli, da se boste pri nas dobro po\u010dutil, se sprostil, u\u017eival.<\/p>","protected":false},"featured_media":11666,"template":"","meta":{"_acf_changed":false,"inline_featured_image":false,"_monsterinsights_skip_tracking":false,"_monsterinsights_sitenote_active":false,"_monsterinsights_sitenote_note":"","_monsterinsights_sitenote_category":0},"product_cat":[377,166],"product_tag":[],"aioseo_notices":[],"acf":[],"_links":{"self":[{"href":"https:\/\/shop.tjasha.si\/en\/wp-json\/wp\/v2\/product\/6642"}],"collection":[{"href":"https:\/\/shop.tjasha.si\/en\/wp-json\/wp\/v2\/product"}],"about":[{"href":"https:\/\/shop.tjasha.si\/en\/wp-json\/wp\/v2\/types\/product"}],"version-history":[{"count":4,"href":"https:\/\/shop.tjasha.si\/en\/wp-json\/wp\/v2\/product\/6642\/revisions"}],"predecessor-version":[{"id":11681,"href":"https:\/\/shop.tjasha.si\/en\/wp-json\/wp\/v2\/product\/6642\/revisions\/11681"}],"wp:featuredmedia":[{"embeddable":true,"href":"https:\/\/shop.tjasha.si\/en\/wp-json\/wp\/v2\/media\/11666"}],"wp:attachment":[{"href":"https:\/\/shop.tjasha.si\/en\/wp-json\/wp\/v2\/media?parent=6642"}],"wp:term":[{"taxonomy":"product_cat","embeddable":true,"href":"https:\/\/shop.tjasha.si\/en\/wp-json\/wp\/v2\/product_cat?post=6642"},{"taxonomy":"product_tag","embeddable":true,"href":"https:\/\/shop.tjasha.si\/en\/wp-json\/wp\/v2\/product_tag?post=6642"}],"curies":[{"name":"wp","href":"https:\/\/api.w.org\/{rel}","templated":true}]}}