{"id":6646,"date":"2018-12-11T08:10:03","date_gmt":"2018-12-11T08:10:03","guid":{"rendered":"https:\/\/shop.tjasha.si\/product\/darilni-bon-tjasha-6\/"},"modified":"2025-12-23T08:06:27","modified_gmt":"2025-12-23T08:06:27","slug":"darilni-bon-tjasha-6","status":"publish","type":"product","link":"https:\/\/shop.tjasha.si\/en\/trgovina\/darilni-bon-tjasha-6\/","title":{"rendered":"Darilni bon \u017densko feniranje in stri\u017eenje srednje dol\u017eine  do 20 cm"},"content":{"rendered":"<p>&nbsp;<\/p>\n<p>Bon velja za dol\u017eino las do 20cm naprej. Nudi umivanje las, masa\u017eo lasi\u0161\u010da, feniranje las, ter produkti za bolj\u0161o obstojnost pri\u010deske.<br \/>\nVeljavnost bonov je 6 mesecev od dneva nakupa.<\/p>","protected":false},"excerpt":{"rendered":"<p>Nudili vam bomo stri\u017eenje in fen pri\u010desko v Salonu Tjasha Center, Salon Tja\u0161a Brdo, ter poskrbeli, da se boste pri nas dobro po\u010dutil, se sprostil, u\u017eival.<\/p>","protected":false},"featured_media":11666,"template":"","meta":{"_acf_changed":false,"inline_featured_image":false,"_monsterinsights_skip_tracking":false,"_monsterinsights_sitenote_active":true,"_monsterinsights_sitenote_note":"Published: Darilni bon \u017densko feniranje in stri\u017eenje srednje dol\u017eine  do 20 cm","_monsterinsights_sitenote_category":359},"product_cat":[377,166],"product_tag":[],"aioseo_notices":[],"acf":[],"_links":{"self":[{"href":"https:\/\/shop.tjasha.si\/en\/wp-json\/wp\/v2\/product\/6646"}],"collection":[{"href":"https:\/\/shop.tjasha.si\/en\/wp-json\/wp\/v2\/product"}],"about":[{"href":"https:\/\/shop.tjasha.si\/en\/wp-json\/wp\/v2\/types\/product"}],"version-history":[{"count":6,"href":"https:\/\/shop.tjasha.si\/en\/wp-json\/wp\/v2\/product\/6646\/revisions"}],"predecessor-version":[{"id":11684,"href":"https:\/\/shop.tjasha.si\/en\/wp-json\/wp\/v2\/product\/6646\/revisions\/11684"}],"wp:featuredmedia":[{"embeddable":true,"href":"https:\/\/shop.tjasha.si\/en\/wp-json\/wp\/v2\/media\/11666"}],"wp:attachment":[{"href":"https:\/\/shop.tjasha.si\/en\/wp-json\/wp\/v2\/media?parent=6646"}],"wp:term":[{"taxonomy":"product_cat","embeddable":true,"href":"https:\/\/shop.tjasha.si\/en\/wp-json\/wp\/v2\/product_cat?post=6646"},{"taxonomy":"product_tag","embeddable":true,"href":"https:\/\/shop.tjasha.si\/en\/wp-json\/wp\/v2\/product_tag?post=6646"}],"curies":[{"name":"wp","href":"https:\/\/api.w.org\/{rel}","templated":true}]}}