{"id":6648,"date":"2018-12-11T08:16:59","date_gmt":"2018-12-11T08:16:59","guid":{"rendered":"https:\/\/shop.tjasha.si\/product\/darilni-bon-tjasha-7\/"},"modified":"2025-12-23T08:05:38","modified_gmt":"2025-12-23T08:05:38","slug":"darilni-bon-tjasha-7","status":"publish","type":"product","link":"https:\/\/shop.tjasha.si\/en\/trgovina\/darilni-bon-tjasha-7\/","title":{"rendered":"Darilni bon \u017densko feniranje kratkih las do 5 cm"},"content":{"rendered":"<p>&nbsp;<\/p>\n<p>Bon velja za dol\u017eino las do 5 cm. Nudi umivanje las, masa\u017eo lasi\u0161\u010da, feniranje las, produkti za bolj\u0161o obstojnost pri\u010deske.<br \/>\nVeljavnost bona je 6 mesecev od dneva nakupa.<\/p>","protected":false},"excerpt":{"rendered":"<p>Nudili vam\u00a0 fen pri\u010desko v Salonu Tjasha Center, Salon Tja\u0161a Brdo, ter poskrbeli, da se boste pri nas dobro po\u010dutil, se sprostil, u\u017eival.<\/p>","protected":false},"featured_media":11666,"template":"","meta":{"_acf_changed":false,"inline_featured_image":false,"_monsterinsights_skip_tracking":false,"_monsterinsights_sitenote_active":false,"_monsterinsights_sitenote_note":"","_monsterinsights_sitenote_category":0},"product_cat":[377,166],"product_tag":[],"aioseo_notices":[],"acf":[],"_links":{"self":[{"href":"https:\/\/shop.tjasha.si\/en\/wp-json\/wp\/v2\/product\/6648"}],"collection":[{"href":"https:\/\/shop.tjasha.si\/en\/wp-json\/wp\/v2\/product"}],"about":[{"href":"https:\/\/shop.tjasha.si\/en\/wp-json\/wp\/v2\/types\/product"}],"version-history":[{"count":4,"href":"https:\/\/shop.tjasha.si\/en\/wp-json\/wp\/v2\/product\/6648\/revisions"}],"predecessor-version":[{"id":11687,"href":"https:\/\/shop.tjasha.si\/en\/wp-json\/wp\/v2\/product\/6648\/revisions\/11687"}],"wp:featuredmedia":[{"embeddable":true,"href":"https:\/\/shop.tjasha.si\/en\/wp-json\/wp\/v2\/media\/11666"}],"wp:attachment":[{"href":"https:\/\/shop.tjasha.si\/en\/wp-json\/wp\/v2\/media?parent=6648"}],"wp:term":[{"taxonomy":"product_cat","embeddable":true,"href":"https:\/\/shop.tjasha.si\/en\/wp-json\/wp\/v2\/product_cat?post=6648"},{"taxonomy":"product_tag","embeddable":true,"href":"https:\/\/shop.tjasha.si\/en\/wp-json\/wp\/v2\/product_tag?post=6648"}],"curies":[{"name":"wp","href":"https:\/\/api.w.org\/{rel}","templated":true}]}}