{"id":6663,"date":"2019-11-20T09:52:04","date_gmt":"2019-11-20T09:52:04","guid":{"rendered":"https:\/\/shop.tjasha.si\/product\/defy-damage-balzam-za-lase-1000-ml-2\/"},"modified":"2026-03-15T10:53:14","modified_gmt":"2026-03-15T10:53:14","slug":"defy-damage-balzam-za-lase-1000-ml-2","status":"publish","type":"product","link":"https:\/\/shop.tjasha.si\/en\/trgovina\/defy-damage-balzam-za-lase-1000-ml-2\/","title":{"rendered":"Defy Damage Balzam za lase 250 ml"},"content":{"rendered":"<p>80% manj loma<br \/>\n5X mo\u010dnej\u0161i lasje<br \/>\nOhranja ve\u010d kot 90% \u017eivahnosti barv<br \/>\nPo prvi uporabi si oglejte rezultate<br \/>\nLase pu\u0161\u010dajo mehke, sijo\u010de in zdravega videza<\/p>\n<p>SESTAVINE: Water\/Aqua\/Eau, Stearyl Alcohol, Behentrimonium Chloride, Cetyl Esters, Amodimethicone, Cetyl Alcohol, Fragrance\/Parfum, Behenyl Alcohol, Dicetyldimonium Chloride, Helianthus Annuus (Sunflower) Seed Oil, Glycine Soja (soybean) Oil, Panthenol, Hydrogenated Olive Oil, Olea Europaea (Olive) Fruit Oil, Avena Sativa (OAT) Peptide, Phosphatidylcholine, Laurdimonium Hidroxypropyl Hidrolyzed Keratin, Moringa Oleifera Seed Oil, Rosa Canina Fruit Oil, Butyrospermum Parkii (Shea) Butter, OleaEuropaea (Olive) Oil Unsaponifiables, Arginine Hlc, Hydroxypropyl Chitosan, Arginine, Quaternium &#8211; 87, Stearamidopropyl Dimethylamine, Disteadyldimonium Chloride, Citric Acid, Propylene Glycol, Guar Hydroxypropyltrimonium Chloride, C11-15 Pareth-7, Trideceth-12, Laureth-9, Diethylhexyl Malate, Glicerin, Isopropyl Alcohol, Tocopherol, Tetrasodium Edta, PEG-4 Laurate, Cetrimonium Chloride, Dipropylene Glycol, C10-40 Isoalkylamidopropylethyldimonium Ethosulfate, Phenoxyethanol, Iodopropynyl ButylCarbamate, Alcohol Denat., Sodium Hydroxide, Citronellol, Alpha-Isomethyl Ionone.<\/p>","protected":false},"excerpt":{"rendered":"<p>Predstavljamo Defy Damage, sistem za nego doma, ki spreminja igre, ki univerzalno \u0161\u010diti zdravje las in vam pomaga prepre\u010diti bledenje in po\u0161kodbe. Obvezna nega \u010de ste barvatei, ste izpostavljeni uni\u010dujo\u010dim vplivom vsakodnevnega oblikovanja z toploto, UV \u017earkom,..<\/p>","protected":false},"featured_media":6662,"template":"","meta":{"_acf_changed":false,"inline_featured_image":false,"_monsterinsights_skip_tracking":false,"_monsterinsights_sitenote_active":false,"_monsterinsights_sitenote_note":"","_monsterinsights_sitenote_category":0},"product_cat":[241,155,199,288],"product_tag":[],"aioseo_notices":[],"acf":[],"_links":{"self":[{"href":"https:\/\/shop.tjasha.si\/en\/wp-json\/wp\/v2\/product\/6663"}],"collection":[{"href":"https:\/\/shop.tjasha.si\/en\/wp-json\/wp\/v2\/product"}],"about":[{"href":"https:\/\/shop.tjasha.si\/en\/wp-json\/wp\/v2\/types\/product"}],"version-history":[{"count":1,"href":"https:\/\/shop.tjasha.si\/en\/wp-json\/wp\/v2\/product\/6663\/revisions"}],"predecessor-version":[{"id":10204,"href":"https:\/\/shop.tjasha.si\/en\/wp-json\/wp\/v2\/product\/6663\/revisions\/10204"}],"wp:featuredmedia":[{"embeddable":true,"href":"https:\/\/shop.tjasha.si\/en\/wp-json\/wp\/v2\/media\/6662"}],"wp:attachment":[{"href":"https:\/\/shop.tjasha.si\/en\/wp-json\/wp\/v2\/media?parent=6663"}],"wp:term":[{"taxonomy":"product_cat","embeddable":true,"href":"https:\/\/shop.tjasha.si\/en\/wp-json\/wp\/v2\/product_cat?post=6663"},{"taxonomy":"product_tag","embeddable":true,"href":"https:\/\/shop.tjasha.si\/en\/wp-json\/wp\/v2\/product_tag?post=6663"}],"curies":[{"name":"wp","href":"https:\/\/api.w.org\/{rel}","templated":true}]}}