{"id":6669,"date":"2022-02-01T13:17:48","date_gmt":"2022-02-01T13:17:48","guid":{"rendered":"https:\/\/shop.tjasha.si\/?post_type=product&#038;p=6669"},"modified":"2026-03-15T10:51:51","modified_gmt":"2026-03-15T10:51:51","slug":"defy-damage-balzam-za-lase-1000-ml-disabled","status":"publish","type":"product","link":"https:\/\/shop.tjasha.si\/en\/trgovina\/defy-damage-balzam-za-lase-1000-ml-disabled\/","title":{"rendered":"Defy Damage Protective Shield 50ml &#8211; Za\u0161\u010dita za lase"},"content":{"rendered":"<p>80% manj loma<br \/>\n5X mo\u010dnej\u0161i lasje<br \/>\nOhranja ve\u010d kot 90% \u017eivahnosti barv<br \/>\nPo prvi uporabi si oglejte rezultate<br \/>\nLase pu\u0161\u010dajo mehke, sijo\u010de in zdravega videza<\/p>\n<p>Izdelek nanesemo na sve\u017ee umite, mokre lase. Raz\u010de\u0161emo in pri\u010dnemo z oblikovanjem.<br \/>\nLasje bodo svilnati, za\u0161\u010diti jih pred UV \u017earki in pred toploto fena, likalnika, kodralnika,..<\/p>\n<p>SESTAVINE: Water\/Aqua\/Eau, Stearyl Alcohol, Behentrimonium Chloride, Cetyl Esters, Amodimethicone, Cetyl Alcohol, Fragrance\/Parfum, Behenyl Alcohol, Dicetyldimonium Chloride, Helianthus Annuus (Sunflower) Seed Oil, Glycine Soja (soybean) Oil, Panthenol, Hydrogenated Olive Oil, Olea Europaea (Olive) Fruit Oil, Avena Sativa (OAT) Peptide, Phosphatidylcholine, Laurdimonium Hidroxypropyl Hidrolyzed Keratin, Moringa Oleifera Seed Oil, Rosa Canina Fruit Oil, Butyrospermum Parkii (Shea) Butter, OleaEuropaea (Olive) Oil Unsaponifiables, Arginine Hlc, Hydroxypropyl Chitosan, Arginine, Quaternium &#8211; 87, Stearamidopropyl Dimethylamine, Disteadyldimonium Chloride, Citric Acid, Propylene Glycol, Guar Hydroxypropyltrimonium Chloride, C11-15 Pareth-7, Trideceth-12, Laureth-9, Diethylhexyl Malate, Glicerin, Isopropyl Alcohol, Tocopherol, Tetrasodium Edta, PEG-4 Laurate, Cetrimonium Chloride, Dipropylene Glycol, C10-40 Isoalkylamidopropylethyldimonium Ethosulfate, Phenoxyethanol, Iodopropynyl ButylCarbamate, Alcohol Denat., Sodium Hydroxide, Citronellol, Alpha-Isomethyl Ionone.<\/p>","protected":false},"excerpt":{"rendered":"<p>Posebna za\u0161\u010dita za lase pred toploto in UV \u017earki.<\/p>","protected":false},"featured_media":6668,"template":"","meta":{"_acf_changed":false,"inline_featured_image":false,"_monsterinsights_skip_tracking":false,"_monsterinsights_sitenote_active":false,"_monsterinsights_sitenote_note":"","_monsterinsights_sitenote_category":0},"product_cat":[155,254,199,288],"product_tag":[],"aioseo_notices":[],"acf":[],"_links":{"self":[{"href":"https:\/\/shop.tjasha.si\/en\/wp-json\/wp\/v2\/product\/6669"}],"collection":[{"href":"https:\/\/shop.tjasha.si\/en\/wp-json\/wp\/v2\/product"}],"about":[{"href":"https:\/\/shop.tjasha.si\/en\/wp-json\/wp\/v2\/types\/product"}],"version-history":[{"count":1,"href":"https:\/\/shop.tjasha.si\/en\/wp-json\/wp\/v2\/product\/6669\/revisions"}],"predecessor-version":[{"id":6827,"href":"https:\/\/shop.tjasha.si\/en\/wp-json\/wp\/v2\/product\/6669\/revisions\/6827"}],"wp:featuredmedia":[{"embeddable":true,"href":"https:\/\/shop.tjasha.si\/en\/wp-json\/wp\/v2\/media\/6668"}],"wp:attachment":[{"href":"https:\/\/shop.tjasha.si\/en\/wp-json\/wp\/v2\/media?parent=6669"}],"wp:term":[{"taxonomy":"product_cat","embeddable":true,"href":"https:\/\/shop.tjasha.si\/en\/wp-json\/wp\/v2\/product_cat?post=6669"},{"taxonomy":"product_tag","embeddable":true,"href":"https:\/\/shop.tjasha.si\/en\/wp-json\/wp\/v2\/product_tag?post=6669"}],"curies":[{"name":"wp","href":"https:\/\/api.w.org\/{rel}","templated":true}]}}