{"id":6673,"date":"2019-11-20T10:13:07","date_gmt":"2019-11-20T10:13:07","guid":{"rendered":"https:\/\/shop.tjasha.si\/product\/defy-damage-balzam-za-lase-1000-ml-5\/"},"modified":"2026-03-15T10:53:13","modified_gmt":"2026-03-15T10:53:13","slug":"defy-damage-balzam-za-lase-1000-ml-5","status":"publish","type":"product","link":"https:\/\/shop.tjasha.si\/en\/trgovina\/defy-damage-balzam-za-lase-1000-ml-5\/","title":{"rendered":"Defy Damage Shampoo 300ml- \u0160ampon"},"content":{"rendered":"<p>80% manj loma<\/p>\n<p>5X mo\u010dnej\u0161i lasje<br \/>\nOhranja ve\u010d kot 90% \u017eivahnosti barv<br \/>\nPo prvi uporabi si oglejte rezultate<br \/>\nLase pu\u0161\u010dajo mehke, sijo\u010de in zdravega videza<\/p>\n<p>SESTAVINE: Water\/Aqua\/Eau, Sodium C14-16 Olefin Sulfonate, Cocamidopropyl Betaine, Sodium Methyl Cocoyl Taurate, Sodium Lauroamphoacetate, Lauryl Glucoside, Disodium Laureth Sulfosuccinate, Betaine, Phenoxyethanol, Sodium Lauryl Sulfoacetate, Dimethicone Propyl PG-Betaine, Arginine, Avena Sativa (OAT) Peptide, Phosphatidylcholine, Moringa Oleifera Seed Oil, Laurdimonium Hidroxypropyl Hidrolyzed Keratin, Arginine Hlc, Glycol Distearate, Guar Hydroxypropyltrimonium Chloride, Isostearamide Mipa, Polyquaternium-47, Citric Acid, Polyquaternium-7, Laureth-4, Peg-120 Methyl Glucose Dioleate, Dimethicone PEG-8 Meadowfoamate, PEG-4 Laurate, Quaternium &#8211; 80, Methyl Gluceth-10, MethoxyPEG\/PPG-7\/3 Aminopropyl Dimethicone, Tetrasodium Edta, Glyceryl Laurate, Tocopherol, Rosa Canina Fruit Oil, Dipropylene Glycol, C10-40 Isoalkylamidopropylethyldimonium Ethosulfate, Sodium Hydroxide, Iodopropynyl ButylCarbamate, Citronellol, Fragrance\/Parfum.<\/p>","protected":false},"excerpt":{"rendered":"<p>Predstavljamo Defy Damage, sistem za nego doma, ki spreminja igre, ki univerzalno \u0161\u010diti zdravje las in vam pomaga prepre\u010diti bledenje in po\u0161kodbe. Obvezna nega \u010de ste barvatei, ste izpostavljeni uni\u010dujo\u010dim vplivom vsakodnevnega oblikovanja z toploto, UV \u017earkom,..<\/p>","protected":false},"featured_media":6672,"template":"","meta":{"_acf_changed":false,"inline_featured_image":false,"_monsterinsights_skip_tracking":false,"_monsterinsights_sitenote_active":false,"_monsterinsights_sitenote_note":"","_monsterinsights_sitenote_category":0},"product_cat":[155,199,276,288],"product_tag":[],"aioseo_notices":[],"acf":[],"_links":{"self":[{"href":"https:\/\/shop.tjasha.si\/en\/wp-json\/wp\/v2\/product\/6673"}],"collection":[{"href":"https:\/\/shop.tjasha.si\/en\/wp-json\/wp\/v2\/product"}],"about":[{"href":"https:\/\/shop.tjasha.si\/en\/wp-json\/wp\/v2\/types\/product"}],"version-history":[{"count":1,"href":"https:\/\/shop.tjasha.si\/en\/wp-json\/wp\/v2\/product\/6673\/revisions"}],"predecessor-version":[{"id":10201,"href":"https:\/\/shop.tjasha.si\/en\/wp-json\/wp\/v2\/product\/6673\/revisions\/10201"}],"wp:featuredmedia":[{"embeddable":true,"href":"https:\/\/shop.tjasha.si\/en\/wp-json\/wp\/v2\/media\/6672"}],"wp:attachment":[{"href":"https:\/\/shop.tjasha.si\/en\/wp-json\/wp\/v2\/media?parent=6673"}],"wp:term":[{"taxonomy":"product_cat","embeddable":true,"href":"https:\/\/shop.tjasha.si\/en\/wp-json\/wp\/v2\/product_cat?post=6673"},{"taxonomy":"product_tag","embeddable":true,"href":"https:\/\/shop.tjasha.si\/en\/wp-json\/wp\/v2\/product_tag?post=6673"}],"curies":[{"name":"wp","href":"https:\/\/api.w.org\/{rel}","templated":true}]}}