{"id":6713,"date":"2020-03-16T12:39:50","date_gmt":"2020-03-16T12:39:50","guid":{"rendered":"https:\/\/shop.tjasha.si\/product\/coloe-endure-violet-shampoo-for-toning-blonde-or-gray-hair-2\/"},"modified":"2026-03-15T10:53:12","modified_gmt":"2026-03-15T10:53:12","slug":"coloe-endure-violet-shampoo-for-toning-blonde-or-gray-hair-2","status":"publish","type":"product","link":"https:\/\/shop.tjasha.si\/en\/trgovina\/coloe-endure-violet-shampoo-for-toning-blonde-or-gray-hair-2\/","title":{"rendered":"Joico Blond life Violet Shampoo &#8211; Violet \u0161ampon za blond in sive lase 1000ml"},"content":{"rendered":"<p>ZA BLOND LASE<br \/>\n\u0160ampon brez sulfatov, ki ne\u017eno o\u010disti svetle lase in odstranjuje rumene tone. S pomo\u010djo eksoti\u010dne me\u0161anice Tamanu in Manoi olja, pomaga nahraniti, obogatiti in obnoviti mo\u010d las ter vrne mehkobo in sijaj.<\/p>\n<p>Priporo\u010damo za:<\/p>\n<p>Za vse vrste-tip blond las<br \/>\nLase, ki so zaradi kemi\u010dne, toplotne obdelave in\/ ali okolskih vplivov po\u0161kodovani<br \/>\nUtrujene, \u0161ibke in iz\u010drpane lase<\/p>\n<p>Posebne zna\u010dilnosti:<\/p>\n<p>za vsakodnevno uporabo<br \/>\nima edinstveno, kremasto osnovo<br \/>\nne\u017eno umije lase, brez sulfatov<br \/>\nnevtralizira ne\u017eeljene rumene tone<\/p>\n<p>Navodila za uporabo:<\/p>\n<p>Na mokre lase nanesi majhno koli\u010dino preparata BLONDE LIFE VIOLET Shampoo.<br \/>\nIzperite in po potrebi ponovite.<br \/>\nNadaljujte z BLONDE LIFE VIOLET Conditioner.<\/p>\n<p>Prednosti:<\/p>\n<p>Pove\u010da pro\u017enost, mo\u010d in sijaj las<br \/>\nLasem povrne videz zdravih las<\/p>\n<p>Kon\u010dni rezultat:<\/p>\n<p>Lasje so bolj pro\u017eni in svileni.<br \/>\nLasje so gladki, sijo\u010di in vitalni<\/p>\n<p>SESTAVINE: Water\/Aqua\/Eau, Sodium C14-16 Olefin Sulfonate, Cocamidopropyl Betaine, Sodium Methyl Cocoyl Taurate, Sodium Lauroamphoacetate, Lauryl Glucoside, Disodium Laureth Sulfosuccinate, Betaine, Glycol Distearate, Phenoxyethanol, Calophyllum Inophyllum Seed Oil, Laurdimonium Hydroxypropyl Hydrolyzed Keratin, Cocos Nucifera (Coconut) Oil, Cocodimonium Hydroxypropyl Hydrolyzed Keratin, Arginine HCL, Rosa Canina Fruit Oil, Gardenia Tahitensis Flower Extract, Arginine, Sodium Lauryl Sulfoacetate, Dimethicone Propyl Pg-Betaine, Phosphatidylcholine, Guar Hydroxypropyltrimonium Chloride,Isostearamide Mipa, Polyquaternium-47, Citric Acid, Polyquaternium-7, Peg-120 Methyl Glucose Dioleate, Dimethicone Peg-8 Meadowfoamate, Tetrasodium Glutamate Diacetate, Peg-4 Laurate, Quaternium-80, Methyl Gluceth-10, Methoxy Peg\/Ppg-7\/3 Aminopropyl Dimethicone, Glyceryl Laurate, Iodopropynyl Butylcarbamate, Sodium Benzoate, Benzoic Acid, Dehydroacetic Acid, Methylchloroisothiazolinone, Methylisothiazolilone, Sodium Hydroxide, Butylphenyl Methylpropional, Limonene, Geraniol, Fragrance\/Parfum.<\/p>","protected":false},"excerpt":{"rendered":"<p>&Scaron;ampon matira neza\u017eeljene rumene nianse in ohranja lepo blond ali sivo nianso. Sulfate free<\/p>","protected":false},"featured_media":6712,"template":"","meta":{"_acf_changed":false,"inline_featured_image":false,"_monsterinsights_skip_tracking":false,"_monsterinsights_sitenote_active":false,"_monsterinsights_sitenote_note":"","_monsterinsights_sitenote_category":0},"product_cat":[242,155,154,276,205],"product_tag":[],"aioseo_notices":[],"acf":[],"_links":{"self":[{"href":"https:\/\/shop.tjasha.si\/en\/wp-json\/wp\/v2\/product\/6713"}],"collection":[{"href":"https:\/\/shop.tjasha.si\/en\/wp-json\/wp\/v2\/product"}],"about":[{"href":"https:\/\/shop.tjasha.si\/en\/wp-json\/wp\/v2\/types\/product"}],"version-history":[{"count":1,"href":"https:\/\/shop.tjasha.si\/en\/wp-json\/wp\/v2\/product\/6713\/revisions"}],"predecessor-version":[{"id":10126,"href":"https:\/\/shop.tjasha.si\/en\/wp-json\/wp\/v2\/product\/6713\/revisions\/10126"}],"wp:featuredmedia":[{"embeddable":true,"href":"https:\/\/shop.tjasha.si\/en\/wp-json\/wp\/v2\/media\/6712"}],"wp:attachment":[{"href":"https:\/\/shop.tjasha.si\/en\/wp-json\/wp\/v2\/media?parent=6713"}],"wp:term":[{"taxonomy":"product_cat","embeddable":true,"href":"https:\/\/shop.tjasha.si\/en\/wp-json\/wp\/v2\/product_cat?post=6713"},{"taxonomy":"product_tag","embeddable":true,"href":"https:\/\/shop.tjasha.si\/en\/wp-json\/wp\/v2\/product_tag?post=6713"}],"curies":[{"name":"wp","href":"https:\/\/api.w.org\/{rel}","templated":true}]}}