{"id":6717,"date":"2020-03-16T12:44:49","date_gmt":"2020-03-16T12:44:49","guid":{"rendered":"https:\/\/shop.tjasha.si\/product\/joico-blond-life-shampoo-300-m-sampon-za-blond-lasel-2\/"},"modified":"2026-03-15T10:53:11","modified_gmt":"2026-03-15T10:53:11","slug":"joico-blond-life-shampoo-300-m-sampon-za-blond-lasel-2","status":"publish","type":"product","link":"https:\/\/shop.tjasha.si\/en\/trgovina\/joico-blond-life-shampoo-300-m-sampon-za-blond-lasel-2\/","title":{"rendered":"Joico Blond life Shampoo 1000 ml- \u0161ampon za blond lase"},"content":{"rendered":"<p>ZA BLOND LASE<br \/>\nBrez sulfata, ki ne\u017eno o\u010disti svetle lase. S pomo\u010djo eksoti\u010dne me\u0161anice polinezijskih Tahitain Tamani in Manoi olji, pomaga nahraniti, obogatiti in obnoviti mo\u010d las ter vrne mehkobo in sijaj.<\/p>\n<p>Priporo\u010damo za:<\/p>\n<p>Za vse vrste-tip blond las<br \/>\nStranke, ki si \u017eelijo \u0161ampon, ki ima rezultate najnovej\u0161ih raziskav, tako da je njegovo delovanje neprimerljivo in pomaga da ne\u017eno o\u010disti svetle lase<br \/>\nLase, ki so zaradi kemi\u010dne, toplotne obdelave in\/ ali okolskih vplivov po\u0161kodovani<br \/>\nUtrujeni, \u0161ibki in iz\u010drpani lasje<\/p>\n<p>Posebne zna\u010dilnosti:<\/p>\n<p>za vsakodnevno uporabo<br \/>\nima edinstveno, kremasto osnovo<br \/>\nblago umije lase, brez sulfata<br \/>\npovrne izgubljene aminokisline<br \/>\npH: 4,5 \u20135,5<\/p>\n<p>Navodila za uporabo:<\/p>\n<p>Na mokre lase nanesi majhno koli\u010dino preparata BLONDE LIFE Shampoo<br \/>\nSperi in po potrebi ponovi<\/p>\n<p>Prednosti:<\/p>\n<p>Pove\u010da pro\u017enost, mo\u010d in sijaj las<br \/>\nLasem povrne videz zdravih las<\/p>\n<p>Kon\u010dni rezultat:<\/p>\n<p>Natezna trdnost las se merljivo pove\u010da<br \/>\nLasje so gladki, svileni, sijo\u010di in vitalni<\/p>\n<p>SESTAVINE: Water\/Aqua\/Eau, Sodium C14-16 Olefin Sulfonate, Isopropylamine Dodecylbenzenesulfonate, Cocamide Mipa, Decyl Glucoside, Glycol Stearate, Glyceryl Caprylate\/Caprate, Calophyllum Inophyllum Seed Oil, Cocos Nucifera (Coconut) Oil, Hydrolyzed Keratin, Cocodimonium Hydroxypropyl Hydrolyzed Keratin, Pentapeptide-30 Cysteinamide, Pentapeptide-29 Cysteinamide, Tetrapeptide-29 Argininamide, Tetrapeptide-28 Argininamide, Gardenia Tahitensis Flower Extract, Sorbitol,Divinyldimethicone\/Dimethicone Copolymer, Bis-Cetearyl Amodimethicone, Polyquaternium-10, Peg-150 Distearate, Silicone Quaternium-16, Amodimethicone, Peg-90m, C12-13 Pareth-23, Citric Acid, Undeceth-11, Ceteareth-25, Ceteareth-7, C11-15 Pareth-7, Trideceth-12, Glycerin, Laureth-9, Undeceth-5, Tetrasodium Edta, Butyloctanol, Peg-4 Laurate, Iodopropynyl Butylcarbamate, Dmdm Hydantoin, Sodium Hydroxide, Butylphenyl Methylpropional, Limonene, Geraniol, Fragrance\/Parfum.<\/p>","protected":false},"excerpt":{"rendered":"<p>Brez sulfata, ki ne\u017eno o\u010disti svetle lase. S pomo\u010djo eksoti\u010dne me\u0161anice polinezijskih Tahitain Tamani in Manoi olji, pomaga nahraniti, obogatiti in obnoviti mo\u010d las ter vrne mehkobo in sijaj.<\/p>","protected":false},"featured_media":6716,"template":"","meta":{"_acf_changed":false,"inline_featured_image":false,"_monsterinsights_skip_tracking":false,"_monsterinsights_sitenote_active":false,"_monsterinsights_sitenote_note":"","_monsterinsights_sitenote_category":0},"product_cat":[242,153,155,199,276,205],"product_tag":[],"aioseo_notices":[],"acf":[],"_links":{"self":[{"href":"https:\/\/shop.tjasha.si\/en\/wp-json\/wp\/v2\/product\/6717"}],"collection":[{"href":"https:\/\/shop.tjasha.si\/en\/wp-json\/wp\/v2\/product"}],"about":[{"href":"https:\/\/shop.tjasha.si\/en\/wp-json\/wp\/v2\/types\/product"}],"version-history":[{"count":2,"href":"https:\/\/shop.tjasha.si\/en\/wp-json\/wp\/v2\/product\/6717\/revisions"}],"predecessor-version":[{"id":11406,"href":"https:\/\/shop.tjasha.si\/en\/wp-json\/wp\/v2\/product\/6717\/revisions\/11406"}],"wp:featuredmedia":[{"embeddable":true,"href":"https:\/\/shop.tjasha.si\/en\/wp-json\/wp\/v2\/media\/6716"}],"wp:attachment":[{"href":"https:\/\/shop.tjasha.si\/en\/wp-json\/wp\/v2\/media?parent=6717"}],"wp:term":[{"taxonomy":"product_cat","embeddable":true,"href":"https:\/\/shop.tjasha.si\/en\/wp-json\/wp\/v2\/product_cat?post=6717"},{"taxonomy":"product_tag","embeddable":true,"href":"https:\/\/shop.tjasha.si\/en\/wp-json\/wp\/v2\/product_tag?post=6717"}],"curies":[{"name":"wp","href":"https:\/\/api.w.org\/{rel}","templated":true}]}}