{"id":6723,"date":"2020-03-16T12:53:01","date_gmt":"2020-03-16T12:53:01","guid":{"rendered":"https:\/\/shop.tjasha.si\/product\/joico-blond-life-masque-150ml-maska-za-blond-lase\/"},"modified":"2026-03-15T10:53:09","modified_gmt":"2026-03-15T10:53:09","slug":"joico-blond-life-masque-150ml-maska-za-blond-lase","status":"publish","type":"product","link":"https:\/\/shop.tjasha.si\/en\/trgovina\/joico-blond-life-masque-150ml-maska-za-blond-lase\/","title":{"rendered":"Joico Blond life Masque 150ml- Maska za blond lase"},"content":{"rendered":"<p>NEGA ZA SUHE IN PO\u0160KODOVANE BLOND LASE<br \/>\nTakoj navla\u017ei in zmeh\u010da ter z nevtralizacijo klora in odstranjevanjem \u0161kodljivih mineralov dolgo\u010dasno in rumeno blond barvo las po\u017eivi in osvetli. S pomo\u010djo eksoti\u010dne me\u0161anice polinezijskih Tahitain Tamani in Manoi olji, pomaga nahraniti, obogatiti in obnoviti mo\u010d las ter vrne mehkobo in sijaj.<\/p>\n<p>Priporo\u010damo za:<\/p>\n<p>Lase, ki so zaradi vplivov iz okolja, kemi\u010dne dehidracije, \u0161trle\u010di in\/ ali razmr\u0161eni in suhi<br \/>\nStranke, ki uporabljajo BLONDE LIFE Masque za po\u0161kodovano strukturo las, ki so zaradi kemi\u010dnih obdelav izjemno suhi<\/p>\n<p>Posebne zna\u010dilnosti:<\/p>\n<p>Intenziven postopek vla\u017eenja<br \/>\nMo\u010dno po\u0161kodovanim ali izrazito suhim lasem povrne videz zdravih las<br \/>\nZapre kutikulo las, izbolj\u0161uje pro\u017enost in pove\u010da gibanje las<br \/>\nPh: 4,5-5,5<\/p>\n<p>Navodila za uporabo:<\/p>\n<p>Majhno koli\u010dino izdelka BLONDE LIFE Masque nanesi na obrisane lase<br \/>\nPusti, da preparat prodre globoko v las, tako da ga pustimo delovati vsaj 2-5 minut<br \/>\nSperi in oblikuj<\/p>\n<p>Prednosti:<\/p>\n<p>Takoj neguje in navla\u017ei lase<br \/>\nPovrne mehkobo in sijaj<br \/>\nLasje imajo gladko povr\u0161ino in daje videz zdravih las<\/p>\n<p>Kon\u010dni rezultat:<\/p>\n<p>Lasje so sijo\u010di in gladki<br \/>\nZopet so pro\u017eni<br \/>\nIzsu\u0161eni lasje so obnovljeni<br \/>\nSe la\u017eje oblikujejo<\/p>\n<p>SESTAVINE: Water\/Aqua\/Eau, Cetearyl Alcohol, Cetyl Alcohol, Behentrimonium Chloride, Dimethicone, Steareth-2, Bis-Cetearyl Amodimethicone, Divinyldimethicone\/Dimethicone Copolymer, Cocos Nucifera (Coconut) Oil, Sorbitol, Quaternium-91, Calophyllum Inophyllum Seed Oil, Hydrolyzed Keratin, Cocodimonium Hydroxypropyl Hydrolyzed Keratin, Gardenia Tahitensis Flower Extract, Pentapeptide-30 Cysteinamide, Pentapeptide-29 Cysteinamide, Tetrapeptide-29 Argininamide, Tetrapeptide-28 Argininamide, Diisopropyl Sebacate, Bis-Diisopropanolamino- Pg-Propyl Dimethicone\/Bis-Isobutyl Peg-14 Copolymer, Dimethiconol, Isopropyl Alcohol, Ppg-3 Benzyl Ether Myristate, Guar Hydroxypropyltrimonium Chloride, C12-13 Pareth-23, Tetrasodium Edta, Arginine, Lecithin, Ceteareth-7, Ceteareth-25, Citric Acid, Polysorbate 20, Butyloctanol, Methylchloroisothiazolinone, Methylisothiazolinone, Magnesium Nitrate, Magnesium Chloride, Dmdm Hydantoin, Butylphenyl Methylpropional, Limonene, Geraniol, Fragrance\/Parfum.<\/p>","protected":false},"excerpt":{"rendered":"<p>Takoj navla\u017ei in zmeh\u010da ter z nevtralizacijo klora in odstranjevanjem \u0161kodljivih mineralov dolgo\u010dasno in rumeno blond barvo las po\u017eivi in osvetli. S pomo\u010djo eksoti\u010dne me\u0161anice polinezijskih Tahitain Tamani in Manoi olji, pomaga nahraniti, obogatiti in obnoviti mo\u010d las ter vrne mehkobo in sijaj.<\/p>","protected":false},"featured_media":6722,"template":"","meta":{"_acf_changed":false,"inline_featured_image":false,"_monsterinsights_skip_tracking":false,"_monsterinsights_sitenote_active":false,"_monsterinsights_sitenote_note":"","_monsterinsights_sitenote_category":0},"product_cat":[242,153,155,244,199,205],"product_tag":[],"aioseo_notices":[],"acf":[],"_links":{"self":[{"href":"https:\/\/shop.tjasha.si\/en\/wp-json\/wp\/v2\/product\/6723"}],"collection":[{"href":"https:\/\/shop.tjasha.si\/en\/wp-json\/wp\/v2\/product"}],"about":[{"href":"https:\/\/shop.tjasha.si\/en\/wp-json\/wp\/v2\/types\/product"}],"version-history":[{"count":1,"href":"https:\/\/shop.tjasha.si\/en\/wp-json\/wp\/v2\/product\/6723\/revisions"}],"predecessor-version":[{"id":10121,"href":"https:\/\/shop.tjasha.si\/en\/wp-json\/wp\/v2\/product\/6723\/revisions\/10121"}],"wp:featuredmedia":[{"embeddable":true,"href":"https:\/\/shop.tjasha.si\/en\/wp-json\/wp\/v2\/media\/6722"}],"wp:attachment":[{"href":"https:\/\/shop.tjasha.si\/en\/wp-json\/wp\/v2\/media?parent=6723"}],"wp:term":[{"taxonomy":"product_cat","embeddable":true,"href":"https:\/\/shop.tjasha.si\/en\/wp-json\/wp\/v2\/product_cat?post=6723"},{"taxonomy":"product_tag","embeddable":true,"href":"https:\/\/shop.tjasha.si\/en\/wp-json\/wp\/v2\/product_tag?post=6723"}],"curies":[{"name":"wp","href":"https:\/\/api.w.org\/{rel}","templated":true}]}}