{"id":6733,"date":"2020-07-14T14:05:21","date_gmt":"2020-07-14T14:05:21","guid":{"rendered":"https:\/\/shop.tjasha.si\/product\/ga-ma-g-stylewide-digital-iht-oxy-activr-likalnik-za-lase\/"},"modified":"2020-07-14T14:05:21","modified_gmt":"2020-07-14T14:05:21","slug":"ga-ma-g-stylewide-digital-iht-oxy-activr-likalnik-za-lase","status":"publish","type":"product","link":"https:\/\/shop.tjasha.si\/en\/trgovina\/ga-ma-g-stylewide-digital-iht-oxy-activr-likalnik-za-lase\/","title":{"rendered":"GA.MA G-STYLEWIDE DIGITAL IHT OXY.ACTIVR likalnik za lase"},"content":{"rendered":"<p>Silk chroam tehnologija- za\u0161\u010diti po\u0161kodovane lase<br \/>\nIHT tehnologija- pomaga da se plo\u0161\u010di hitro in enakomerno segrejejo<br \/>\nOxi active tehnologija- deluje antibakterijsko<\/p>\n<p>\u0160irina plo\u0161\u010de 33&#215;110 mm<br \/>\nAvto power- funkcija samostojnega izklopa po 60 minutah<br \/>\nVrtljiv kabel, dol\u017eine 3m<\/p>","protected":false},"excerpt":{"rendered":"<p>Likalnik je zelo primeren za kemi\u010dno obdelane izsu\u0161ene lase.<\/p>","protected":false},"featured_media":6732,"template":"","meta":{"_acf_changed":false,"inline_featured_image":false,"_monsterinsights_skip_tracking":false,"_monsterinsights_sitenote_active":false,"_monsterinsights_sitenote_note":"","_monsterinsights_sitenote_category":0},"product_cat":[154,160],"product_tag":[],"aioseo_notices":[],"acf":[],"_links":{"self":[{"href":"https:\/\/shop.tjasha.si\/en\/wp-json\/wp\/v2\/product\/6733"}],"collection":[{"href":"https:\/\/shop.tjasha.si\/en\/wp-json\/wp\/v2\/product"}],"about":[{"href":"https:\/\/shop.tjasha.si\/en\/wp-json\/wp\/v2\/types\/product"}],"version-history":[{"count":0,"href":"https:\/\/shop.tjasha.si\/en\/wp-json\/wp\/v2\/product\/6733\/revisions"}],"wp:featuredmedia":[{"embeddable":true,"href":"https:\/\/shop.tjasha.si\/en\/wp-json\/wp\/v2\/media\/6732"}],"wp:attachment":[{"href":"https:\/\/shop.tjasha.si\/en\/wp-json\/wp\/v2\/media?parent=6733"}],"wp:term":[{"taxonomy":"product_cat","embeddable":true,"href":"https:\/\/shop.tjasha.si\/en\/wp-json\/wp\/v2\/product_cat?post=6733"},{"taxonomy":"product_tag","embeddable":true,"href":"https:\/\/shop.tjasha.si\/en\/wp-json\/wp\/v2\/product_tag?post=6733"}],"curies":[{"name":"wp","href":"https:\/\/api.w.org\/{rel}","templated":true}]}}