{"id":6745,"date":"2020-07-25T05:48:48","date_gmt":"2020-07-25T05:48:48","guid":{"rendered":"https:\/\/shop.tjasha.si\/product\/joico-joifull-volumizing-styler-100ml\/"},"modified":"2026-03-15T10:52:30","modified_gmt":"2026-03-15T10:52:30","slug":"joico-joifull-volumizing-styler-100ml","status":"publish","type":"product","link":"https:\/\/shop.tjasha.si\/en\/trgovina\/joico-joifull-volumizing-styler-100ml\/","title":{"rendered":"Joico JoiFull Volumizing Styler 100ml"},"content":{"rendered":"<p>Priporo\u010damo za:<br \/>\nTanke lase<br \/>\nSuhe in lomljive lase<\/p>\n<p>Posebne zna\u010dilnosti:<br \/>\noblikuje lase<br \/>\nlasem pove\u010da polnost in volumen<br \/>\nsmartrelease tehnologija omogo\u010da bolj\u0161o in hitrej\u0161o absorpcijo <\/p>\n<p>Navodila za uporabo:<br \/>\nNanesite 1-2 potiska gel-kreme na dlan in jo enakomerno razporedite po \u010distih, vla\u017enih laseh &#8211; izpiranje ni potrebno.<br \/>\nOblikujte pri\u010desko s pomo\u010djo su\u0161ilca las.<\/p>","protected":false},"excerpt":{"rendered":"<p>Styler gel-krema je namenjena u\u010dinkovitemu oblikovanju las. Lasem dodaja polnost in volumen.<\/p>","protected":false},"featured_media":6744,"template":"","meta":{"_acf_changed":false,"inline_featured_image":false,"_monsterinsights_skip_tracking":false,"_monsterinsights_sitenote_active":false,"_monsterinsights_sitenote_note":"","_monsterinsights_sitenote_category":0},"product_cat":[155,273,199,205,293],"product_tag":[],"aioseo_notices":[],"acf":[],"_links":{"self":[{"href":"https:\/\/shop.tjasha.si\/en\/wp-json\/wp\/v2\/product\/6745"}],"collection":[{"href":"https:\/\/shop.tjasha.si\/en\/wp-json\/wp\/v2\/product"}],"about":[{"href":"https:\/\/shop.tjasha.si\/en\/wp-json\/wp\/v2\/types\/product"}],"version-history":[{"count":1,"href":"https:\/\/shop.tjasha.si\/en\/wp-json\/wp\/v2\/product\/6745\/revisions"}],"predecessor-version":[{"id":10113,"href":"https:\/\/shop.tjasha.si\/en\/wp-json\/wp\/v2\/product\/6745\/revisions\/10113"}],"wp:featuredmedia":[{"embeddable":true,"href":"https:\/\/shop.tjasha.si\/en\/wp-json\/wp\/v2\/media\/6744"}],"wp:attachment":[{"href":"https:\/\/shop.tjasha.si\/en\/wp-json\/wp\/v2\/media?parent=6745"}],"wp:term":[{"taxonomy":"product_cat","embeddable":true,"href":"https:\/\/shop.tjasha.si\/en\/wp-json\/wp\/v2\/product_cat?post=6745"},{"taxonomy":"product_tag","embeddable":true,"href":"https:\/\/shop.tjasha.si\/en\/wp-json\/wp\/v2\/product_tag?post=6745"}],"curies":[{"name":"wp","href":"https:\/\/api.w.org\/{rel}","templated":true}]}}