{"id":6751,"date":"2020-07-25T06:26:44","date_gmt":"2020-07-25T06:26:44","guid":{"rendered":"https:\/\/shop.tjasha.si\/product\/joico-structure-smoothshock-150ml\/"},"modified":"2026-03-15T10:52:29","modified_gmt":"2026-03-15T10:52:29","slug":"joico-structure-smoothshock-150ml","status":"publish","type":"product","link":"https:\/\/shop.tjasha.si\/en\/trgovina\/joico-structure-smoothshock-150ml\/","title":{"rendered":"Joico Structure SmoothShock 150ml"},"content":{"rendered":"<p>Neobvladljivi lasje bodo zdaj preteklost in pozdravi seksi in gladke pri\u010deske.<\/p>\n<p>Razko\u0161na pena obogatena z abesinskim oljem, ki lase naredi super mehke, gladke ter ukroti sku\u0161tranost.<\/p>\n<p>Navodilo za uporabo:<\/p>\n<p>Pred uporabo izdelek pretresite<br \/>\nIzdelek obrnite na glavo<br \/>\nNanesite manj\u0161o koli\u010dino na roko ( v velikosti kostanja)<br \/>\nNanesite na suhe ali vla\u017ene lase<\/p>","protected":false},"excerpt":{"rendered":"<p>Neobvladljivi lasje bodo zdaj preteklost in pozdravi seksi in gladke pri\u010deske. Razko\u0161na pena obogatena z abesinskim oljem, ki lase naredi super mehke, gladke ter ukroti sku\u0161tranost.<\/p>","protected":false},"featured_media":6750,"template":"","meta":{"_acf_changed":false,"inline_featured_image":false,"_monsterinsights_skip_tracking":false,"_monsterinsights_sitenote_active":false,"_monsterinsights_sitenote_note":"","_monsterinsights_sitenote_category":0},"product_cat":[155,273,199,205,284],"product_tag":[],"aioseo_notices":[],"acf":[],"_links":{"self":[{"href":"https:\/\/shop.tjasha.si\/en\/wp-json\/wp\/v2\/product\/6751"}],"collection":[{"href":"https:\/\/shop.tjasha.si\/en\/wp-json\/wp\/v2\/product"}],"about":[{"href":"https:\/\/shop.tjasha.si\/en\/wp-json\/wp\/v2\/types\/product"}],"version-history":[{"count":1,"href":"https:\/\/shop.tjasha.si\/en\/wp-json\/wp\/v2\/product\/6751\/revisions"}],"predecessor-version":[{"id":11410,"href":"https:\/\/shop.tjasha.si\/en\/wp-json\/wp\/v2\/product\/6751\/revisions\/11410"}],"wp:featuredmedia":[{"embeddable":true,"href":"https:\/\/shop.tjasha.si\/en\/wp-json\/wp\/v2\/media\/6750"}],"wp:attachment":[{"href":"https:\/\/shop.tjasha.si\/en\/wp-json\/wp\/v2\/media?parent=6751"}],"wp:term":[{"taxonomy":"product_cat","embeddable":true,"href":"https:\/\/shop.tjasha.si\/en\/wp-json\/wp\/v2\/product_cat?post=6751"},{"taxonomy":"product_tag","embeddable":true,"href":"https:\/\/shop.tjasha.si\/en\/wp-json\/wp\/v2\/product_tag?post=6751"}],"curies":[{"name":"wp","href":"https:\/\/api.w.org\/{rel}","templated":true}]}}