{"id":6755,"date":"2020-07-25T06:31:32","date_gmt":"2020-07-25T06:31:32","guid":{"rendered":"https:\/\/shop.tjasha.si\/product\/joico-structure-transfoamer-bodifying-blow-dry-creme-150ml\/"},"modified":"2026-03-15T10:52:29","modified_gmt":"2026-03-15T10:52:29","slug":"joico-structure-transfoamer-bodifying-blow-dry-creme-150ml","status":"publish","type":"product","link":"https:\/\/shop.tjasha.si\/en\/trgovina\/joico-structure-transfoamer-bodifying-blow-dry-creme-150ml\/","title":{"rendered":"Joico Structure Transfoamer bodifying blow-dry creme 150ml"},"content":{"rendered":"<p>Lahka pena za pove\u010danje volumna, teksturo ter definicijo. Lasje so voljni, navla\u017eeni in sijo\u010di, brez obte\u017eitve.<\/p>\n<p>UPORABA: Pred uporabo dobro pretresite, dr\u017eite navpi\u010dno in nanesite na dlan ter razma\u017eite, da nastane krema. Nanesite na vla\u017ene lase, posu\u0161ite lase in oblikujte pri\u010desko.<\/p>\n<p>MO\u010c UTRJEVANJA: 0 1 (2) 3 4 5<\/p>","protected":false},"excerpt":{"rendered":"<p>Lahka pena za pove\u010danje volumna, teksturo ter definicijo. Lasje so voljni, navla\u017eeni in sijo\u010di, brez obte\u017eitve.<\/p>","protected":false},"featured_media":6754,"template":"","meta":{"_acf_changed":false,"inline_featured_image":false,"_monsterinsights_skip_tracking":false,"_monsterinsights_sitenote_active":false,"_monsterinsights_sitenote_note":"","_monsterinsights_sitenote_category":0},"product_cat":[155,273,199,205,284],"product_tag":[],"aioseo_notices":[],"acf":[],"_links":{"self":[{"href":"https:\/\/shop.tjasha.si\/en\/wp-json\/wp\/v2\/product\/6755"}],"collection":[{"href":"https:\/\/shop.tjasha.si\/en\/wp-json\/wp\/v2\/product"}],"about":[{"href":"https:\/\/shop.tjasha.si\/en\/wp-json\/wp\/v2\/types\/product"}],"version-history":[{"count":1,"href":"https:\/\/shop.tjasha.si\/en\/wp-json\/wp\/v2\/product\/6755\/revisions"}],"predecessor-version":[{"id":11409,"href":"https:\/\/shop.tjasha.si\/en\/wp-json\/wp\/v2\/product\/6755\/revisions\/11409"}],"wp:featuredmedia":[{"embeddable":true,"href":"https:\/\/shop.tjasha.si\/en\/wp-json\/wp\/v2\/media\/6754"}],"wp:attachment":[{"href":"https:\/\/shop.tjasha.si\/en\/wp-json\/wp\/v2\/media?parent=6755"}],"wp:term":[{"taxonomy":"product_cat","embeddable":true,"href":"https:\/\/shop.tjasha.si\/en\/wp-json\/wp\/v2\/product_cat?post=6755"},{"taxonomy":"product_tag","embeddable":true,"href":"https:\/\/shop.tjasha.si\/en\/wp-json\/wp\/v2\/product_tag?post=6755"}],"curies":[{"name":"wp","href":"https:\/\/api.w.org\/{rel}","templated":true}]}}