{"id":9897,"date":"2024-03-10T09:14:41","date_gmt":"2024-03-10T09:14:41","guid":{"rendered":"https:\/\/shop.tjasha.si\/?post_type=product&#038;p=9897"},"modified":"2026-03-15T10:48:39","modified_gmt":"2026-03-15T10:48:39","slug":"inner-joii-hydration-shampoo-300ml","status":"publish","type":"product","link":"https:\/\/shop.tjasha.si\/en\/trgovina\/inner-joii-hydration-shampoo-300ml\/","title":{"rendered":"Inner Joii Hydration shampoo 300ml"},"content":{"rendered":"<p>Veste, kako pravijo: jabolko na dan od\u017eene (lasnega) zdravnika stran. In z Hydrate \u0161amponom &#8211; formuliranim s recikliranim izvle\u010dkom jabolk &#8211; bodo va\u0161i lasje in lasi\u0161\u010de \u010disti, zdravi ter \u010dudovito navla\u017eeni.<\/p>\n<p>Na\u0161e formule Inner Joi\u2122 Hydrate, narejene z izvle\u010dkom jabolk, zagotavljajo celodnevno hidracijo za zdrav videz las ter osve\u017eujo\u010d in obnovljen ob\u010dutek na lasi\u0161\u010du.<\/p>","protected":false},"excerpt":{"rendered":"<p>Veste, kako pravijo: jabolko na dan od\u017eene (lasnega) zdravnika stran. In z Hydrate \u0161amponom &#8211; formuliranim s recikliranim izvle\u010dkom jabolk &#8211; bodo va\u0161i lasje in lasi\u0161\u010de \u010disti, zdravi ter \u010dudovito navla\u017eeni.<\/p>\n<p>Na\u0161e formule Inner Joi\u2122 Hydrate, narejene z izvle\u010dkom jabolk, zagotavljajo celodnevno hidracijo\u00a0 las ter osve\u017eujo\u010d in obnovljen ob\u010dutek na lasi\u0161\u010du.<\/p>\n<p><a href=\"https:\/\/shop.tjasha.si\/wp-content\/uploads\/sites\/2\/2024\/03\/hydrate-shampoo-with-badges.png\"><img fetchpriority=\"high\" decoding=\"async\" class=\"alignnone size-medium wp-image-9951\" src=\"https:\/\/shop.tjasha.si\/wp-content\/uploads\/sites\/2\/2024\/03\/hydrate-shampoo-with-badges-300x300.png\" alt=\"\" width=\"300\" height=\"300\" srcset=\"https:\/\/shop.tjasha.si\/wp-content\/uploads\/sites\/2\/2024\/03\/hydrate-shampoo-with-badges-300x300.png 300w, https:\/\/shop.tjasha.si\/wp-content\/uploads\/sites\/2\/2024\/03\/hydrate-shampoo-with-badges-150x150.png 150w, https:\/\/shop.tjasha.si\/wp-content\/uploads\/sites\/2\/2024\/03\/hydrate-shampoo-with-badges-768x768.png 768w, https:\/\/shop.tjasha.si\/wp-content\/uploads\/sites\/2\/2024\/03\/hydrate-shampoo-with-badges-120x120.png 120w, https:\/\/shop.tjasha.si\/wp-content\/uploads\/sites\/2\/2024\/03\/hydrate-shampoo-with-badges-12x12.png 12w, https:\/\/shop.tjasha.si\/wp-content\/uploads\/sites\/2\/2024\/03\/hydrate-shampoo-with-badges-600x600.png 600w, https:\/\/shop.tjasha.si\/wp-content\/uploads\/sites\/2\/2024\/03\/hydrate-shampoo-with-badges-64x64.png 64w, https:\/\/shop.tjasha.si\/wp-content\/uploads\/sites\/2\/2024\/03\/hydrate-shampoo-with-badges.png 1000w\" sizes=\"(max-width: 300px) 100vw, 300px\" \/><\/a><\/p>\n<p><a href=\"https:\/\/shop.tjasha.si\/wp-content\/uploads\/sites\/2\/2024\/03\/innerjoi-hydrate-ingredients-graphics-beige-bg-600x525-1.jpg\"><img decoding=\"async\" class=\"alignnone size-medium wp-image-9898\" src=\"https:\/\/shop.tjasha.si\/wp-content\/uploads\/sites\/2\/2024\/03\/innerjoi-hydrate-ingredients-graphics-beige-bg-600x525-1-300x263.jpg\" alt=\"\" width=\"300\" height=\"263\" srcset=\"https:\/\/shop.tjasha.si\/wp-content\/uploads\/sites\/2\/2024\/03\/innerjoi-hydrate-ingredients-graphics-beige-bg-600x525-1-300x263.jpg 300w, https:\/\/shop.tjasha.si\/wp-content\/uploads\/sites\/2\/2024\/03\/innerjoi-hydrate-ingredients-graphics-beige-bg-600x525-1-14x12.jpg 14w, https:\/\/shop.tjasha.si\/wp-content\/uploads\/sites\/2\/2024\/03\/innerjoi-hydrate-ingredients-graphics-beige-bg-600x525-1-120x105.jpg 120w, https:\/\/shop.tjasha.si\/wp-content\/uploads\/sites\/2\/2024\/03\/innerjoi-hydrate-ingredients-graphics-beige-bg-600x525-1-64x56.jpg 64w, https:\/\/shop.tjasha.si\/wp-content\/uploads\/sites\/2\/2024\/03\/innerjoi-hydrate-ingredients-graphics-beige-bg-600x525-1.jpg 600w\" sizes=\"(max-width: 300px) 100vw, 300px\" \/><\/a><\/p>\n<p>Zakaj vam bo v\u0161e\u010d:<\/p>\n<p>86% naravno pridobljenih sestavin*<\/p>\n<p>Lasje in lasi\u0161\u010de se po\u010dutijo \u010diste in osve\u017eene<\/p>\n<p>Ne\u017eno \u010disti in ne pu\u0161\u010da ob\u010dutka napetosti na lasi\u0161\u010du<\/p>\n<p>Brez sulfatov SLS\/SLES**<\/p>\n<p>*Po standardu ISO 16128 86%-98% naravno pridobljenih pomeni, da rastlinski in mineralni materiali ter voda, ki do\u017eivijo omejeno obdelavo, tvorijo vsaj 86%-98% formul **SLS\/SLES = natrijev lavril sulfat\/natrijev lauret sulfat<\/p>","protected":false},"featured_media":9899,"template":"","meta":{"_acf_changed":false,"inline_featured_image":false,"_monsterinsights_skip_tracking":false,"_monsterinsights_sitenote_active":false,"_monsterinsights_sitenote_note":"","_monsterinsights_sitenote_category":0},"product_cat":[361,155,199,276],"product_tag":[],"aioseo_notices":[],"acf":[],"_links":{"self":[{"href":"https:\/\/shop.tjasha.si\/en\/wp-json\/wp\/v2\/product\/9897"}],"collection":[{"href":"https:\/\/shop.tjasha.si\/en\/wp-json\/wp\/v2\/product"}],"about":[{"href":"https:\/\/shop.tjasha.si\/en\/wp-json\/wp\/v2\/types\/product"}],"version-history":[{"count":3,"href":"https:\/\/shop.tjasha.si\/en\/wp-json\/wp\/v2\/product\/9897\/revisions"}],"predecessor-version":[{"id":10053,"href":"https:\/\/shop.tjasha.si\/en\/wp-json\/wp\/v2\/product\/9897\/revisions\/10053"}],"wp:featuredmedia":[{"embeddable":true,"href":"https:\/\/shop.tjasha.si\/en\/wp-json\/wp\/v2\/media\/9899"}],"wp:attachment":[{"href":"https:\/\/shop.tjasha.si\/en\/wp-json\/wp\/v2\/media?parent=9897"}],"wp:term":[{"taxonomy":"product_cat","embeddable":true,"href":"https:\/\/shop.tjasha.si\/en\/wp-json\/wp\/v2\/product_cat?post=9897"},{"taxonomy":"product_tag","embeddable":true,"href":"https:\/\/shop.tjasha.si\/en\/wp-json\/wp\/v2\/product_tag?post=9897"}],"curies":[{"name":"wp","href":"https:\/\/api.w.org\/{rel}","templated":true}]}}