{"id":9901,"date":"2024-03-10T09:26:49","date_gmt":"2024-03-10T09:26:49","guid":{"rendered":"https:\/\/shop.tjasha.si\/?post_type=product&#038;p=9901"},"modified":"2026-03-15T10:48:39","modified_gmt":"2026-03-15T10:48:39","slug":"inner-joi-conditioner-300ml","status":"publish","type":"product","link":"https:\/\/shop.tjasha.si\/en\/trgovina\/inner-joi-conditioner-300ml\/","title":{"rendered":"Inner Joi Hydration conditioner 300ml"},"content":{"rendered":"<div class=\"flex-1 overflow-hidden\">\n<div class=\"react-scroll-to-bottom--css-zbctu-79elbk h-full\">\n<div class=\"react-scroll-to-bottom--css-zbctu-1n7m0yu\">\n<div class=\"flex flex-col text-sm pb-9\">\n<div class=\"w-full text-token-text-primary\" data-testid=\"conversation-turn-17\">\n<div class=\"px-4 py-2 justify-center text-base md:gap-6 m-auto\">\n<div class=\"flex flex-1 text-base mx-auto gap-3 md:px-5 lg:px-1 xl:px-5 md:max-w-3xl lg:max-w-[40rem] xl:max-w-[48rem] group final-completion\">\n<div class=\"relative flex w-full flex-col agent-turn\">\n<div class=\"flex-col gap-1 md:gap-3\">\n<div class=\"flex flex-grow flex-col max-w-full\">\n<div class=\"min-h-[20px] text-message flex flex-col items-start gap-3 whitespace-pre-wrap break-words [.text-message+&amp;]:mt-5 overflow-x-auto\" data-message-author-role=\"assistant\" data-message-id=\"6b163e69-a23a-4aae-9768-bd5812915af7\">\n<div class=\"markdown prose w-full break-words dark:prose-invert light\">\n<p>Formuliran z osve\u017eujo\u010dim izvle\u010dkom jabolk in naravno pridobljenimi sestavinami, dose\u017eete nahranjene, mehke kot svila lase kar enostavno. Na\u0161e formule Inner Joi\u2122 Hydrate, narejene z izvle\u010dkom jabolk, zagotavljajo celodnevno hidracijo za zdrav videz las, medtem ko va\u0161e lasi\u0161\u010de ob\u010dutite osve\u017eeno in obnovljeno.<\/p>\n<\/div>\n<\/div>\n<\/div>\n<div class=\"mt-1 flex justify-start gap-3 empty:hidden\">\n<div class=\"text-gray-400 flex self-end lg:self-center justify-center lg:justify-start mt-0 -ml-1 h-7 visible\"><\/div>\n<\/div>\n<div class=\"pr-2 lg:pr-0\"><\/div>\n<\/div>\n<div class=\"absolute\">\n<div class=\"flex w-full gap-2 items-center justify-center\"><\/div>\n<\/div>\n<\/div>\n<\/div>\n<\/div>\n<\/div>\n<\/div>\n<\/div>\n<\/div>\n<\/div>\n<div class=\"w-full pt-2 md:pt-0 dark:border-white\/20 md:border-transparent md:dark:border-transparent md:w-[calc(100%-.5rem)]\">\n<div class=\"relative flex h-full flex-1 flex-col\">\n<div class=\"flex w-full items-center\"><\/div>\n<\/div>\n<\/div>","protected":false},"excerpt":{"rendered":"<p>Formuliran z osve\u017eujo\u010dim izvle\u010dkom jabolk in naravno pridobljenimi sestavinami, dose\u017eete nahranjene, mehke lase kot svila. Na\u0161e formule Inner Joi\u2122 Hydrate, so narejene z izvle\u010dkom jabolk, zagotavljajo celodnevno hidracijo las, medtem ko se va\u0161e lasi\u0161\u010de po\u010duti osve\u017eeno in obnovljeno.<\/p>\n<p><a href=\"https:\/\/shop.tjasha.si\/wp-content\/uploads\/sites\/2\/2024\/03\/hydrate-conditioner-with-badges.png\"><img fetchpriority=\"high\" decoding=\"async\" class=\"alignnone size-medium wp-image-9949\" src=\"https:\/\/shop.tjasha.si\/wp-content\/uploads\/sites\/2\/2024\/03\/hydrate-conditioner-with-badges-300x300.png\" alt=\"\" width=\"300\" height=\"300\" srcset=\"https:\/\/shop.tjasha.si\/wp-content\/uploads\/sites\/2\/2024\/03\/hydrate-conditioner-with-badges-300x300.png 300w, https:\/\/shop.tjasha.si\/wp-content\/uploads\/sites\/2\/2024\/03\/hydrate-conditioner-with-badges-150x150.png 150w, https:\/\/shop.tjasha.si\/wp-content\/uploads\/sites\/2\/2024\/03\/hydrate-conditioner-with-badges-768x768.png 768w, https:\/\/shop.tjasha.si\/wp-content\/uploads\/sites\/2\/2024\/03\/hydrate-conditioner-with-badges-120x120.png 120w, https:\/\/shop.tjasha.si\/wp-content\/uploads\/sites\/2\/2024\/03\/hydrate-conditioner-with-badges-12x12.png 12w, https:\/\/shop.tjasha.si\/wp-content\/uploads\/sites\/2\/2024\/03\/hydrate-conditioner-with-badges-600x600.png 600w, https:\/\/shop.tjasha.si\/wp-content\/uploads\/sites\/2\/2024\/03\/hydrate-conditioner-with-badges-64x64.png 64w, https:\/\/shop.tjasha.si\/wp-content\/uploads\/sites\/2\/2024\/03\/hydrate-conditioner-with-badges.png 1000w\" sizes=\"(max-width: 300px) 100vw, 300px\" \/><\/a><\/p>\n<p>Zakaj vam bo v\u0161e\u010d:<\/p>\n<p>97% naravno pridobljenih sestavin*<\/p>\n<p>Obnavlja vlago v laseh<\/p>\n<p>Nahranjuje in pu\u0161\u010da lase mehke<\/p>\n<p>*Po standardu ISO 16128 86%-98% naravno pridobljenih pomeni, da rastlinski in mineralni materiali ter voda, ki do\u017eivijo omejeno obdelavo, tvorijo vsaj 86%-98% formul **SLS\/SLES = natrijev lavril sulfat\/natrijev lauret sulfat<\/p>\n<p>&nbsp;<\/p>\n<p>VEGANSKI PROTEIN: Ta veganska oblika beljakovin, narejena iz graha in rastlinskih virov, posnema beljakovine, ki se naravno nahajajo v laseh.<\/p>\n<p>OLIVNI ESTER: Biorazgradljiv in recikliran iz proizvodnje olivnega olja, ta olivni ester pomaga pri podpori zdravemu videzu las.<\/p>\n<p>MAGNEZIJEVA SOL: Pogosto znana kot epsomova sol, zagotavlja lahko teksturo in polnost las.<\/p>\n<p>CELOSTNE SESTAVINE:<\/p>\n<p>Aqua (voda), magnezijev sulfat, polisorbat 20, fenoksietanol, parfum (di\u0161ava), natrijev benzoat, silika, natrijev glukonat, etilheksil olivat, hidrolizirani grahov protein, hidroliziran rastlinski protein, olje kokosa, skvalan, kalijev sorbat, citronska kislina, linalool, citronelol, heksil cinnamal, alfa-izometil ionon, limonen.<\/p>","protected":false},"featured_media":9902,"template":"","meta":{"_acf_changed":false,"inline_featured_image":false,"_monsterinsights_skip_tracking":false,"_monsterinsights_sitenote_active":false,"_monsterinsights_sitenote_note":"","_monsterinsights_sitenote_category":0},"product_cat":[361,155,199],"product_tag":[],"aioseo_notices":[],"acf":[],"_links":{"self":[{"href":"https:\/\/shop.tjasha.si\/en\/wp-json\/wp\/v2\/product\/9901"}],"collection":[{"href":"https:\/\/shop.tjasha.si\/en\/wp-json\/wp\/v2\/product"}],"about":[{"href":"https:\/\/shop.tjasha.si\/en\/wp-json\/wp\/v2\/types\/product"}],"version-history":[{"count":6,"href":"https:\/\/shop.tjasha.si\/en\/wp-json\/wp\/v2\/product\/9901\/revisions"}],"predecessor-version":[{"id":10052,"href":"https:\/\/shop.tjasha.si\/en\/wp-json\/wp\/v2\/product\/9901\/revisions\/10052"}],"wp:featuredmedia":[{"embeddable":true,"href":"https:\/\/shop.tjasha.si\/en\/wp-json\/wp\/v2\/media\/9902"}],"wp:attachment":[{"href":"https:\/\/shop.tjasha.si\/en\/wp-json\/wp\/v2\/media?parent=9901"}],"wp:term":[{"taxonomy":"product_cat","embeddable":true,"href":"https:\/\/shop.tjasha.si\/en\/wp-json\/wp\/v2\/product_cat?post=9901"},{"taxonomy":"product_tag","embeddable":true,"href":"https:\/\/shop.tjasha.si\/en\/wp-json\/wp\/v2\/product_tag?post=9901"}],"curies":[{"name":"wp","href":"https:\/\/api.w.org\/{rel}","templated":true}]}}