{"id":9907,"date":"2024-03-10T09:38:43","date_gmt":"2024-03-10T09:38:43","guid":{"rendered":"https:\/\/shop.tjasha.si\/?post_type=product&#038;p=9907"},"modified":"2026-03-15T10:47:25","modified_gmt":"2026-03-15T10:47:25","slug":"inner-joi-blowout-creme-150ml","status":"publish","type":"product","link":"https:\/\/shop.tjasha.si\/en\/trgovina\/inner-joi-blowout-creme-150ml\/","title":{"rendered":"Inner Joi Blowout creme 150ml"},"content":{"rendered":"<div class=\"flex-1 overflow-hidden\">\n<div class=\"react-scroll-to-bottom--css-zbctu-79elbk h-full\">\n<div class=\"react-scroll-to-bottom--css-zbctu-1n7m0yu\">\n<div class=\"flex flex-col text-sm pb-9\">\n<div class=\"w-full text-token-text-primary\" data-testid=\"conversation-turn-25\">\n<div class=\"px-4 py-2 justify-center text-base md:gap-6 m-auto\">\n<div class=\"flex flex-1 text-base mx-auto gap-3 md:px-5 lg:px-1 xl:px-5 md:max-w-3xl lg:max-w-[40rem] xl:max-w-[48rem] group final-completion\">\n<div class=\"relative flex w-full flex-col agent-turn\">\n<div class=\"flex-col gap-1 md:gap-3\">\n<div class=\"flex flex-grow flex-col max-w-full\">\n<div class=\"min-h-[20px] text-message flex flex-col items-start gap-3 whitespace-pre-wrap break-words [.text-message+&amp;]:mt-5 overflow-x-auto\" data-message-author-role=\"assistant\" data-message-id=\"bea4227c-f079-43de-82d3-97795358647b\">\n<div class=\"markdown prose w-full break-words dark:prose-invert light\">\n<p>Ne glede na to, ali se odlo\u010dite za naravno su\u0161enje ali su\u0161enje s su\u0161ilcem, boste vedno za\u0161\u010diteni. \u017delite uporabiti su\u0161ilec? Va\u0161i lasje bodo za\u0161\u010diteni pred toplotnimi po\u0161kodbami do 450 \u00b0F ali 232 \u00b0C. Kakorkoli \u017ee, u\u017eivali boste v 72-urni za\u0161\u010diti pred naelektrenostjo in vla\u017enostjo, ter kon\u010dnim videzom, ki zagotavlja mehke, sijo\u010de pramene. Tehtni stilist vas bo navdu\u0161il.<\/p>\n<p>Formule InnerJoi\u2122 Preserve, ki vsebujejo olje iz malinovih semen in izvle\u010dek iz korenine pese, so bile posebej razvite za boj proti izpiranju barve. Va\u0161im barvanim lasem ponudite ravno tisto nego in za\u0161\u010dito, ki jo potrebujejo, da ostanejo \u017eivahni in obstojni tako dolgo, kot bi \u017eeleli.<\/p>\n<\/div>\n<\/div>\n<\/div>\n<div class=\"mt-1 flex justify-start gap-3 empty:hidden\">\n<div class=\"text-gray-400 flex self-end lg:self-center justify-center lg:justify-start mt-0 -ml-1 h-7 visible\">\n<p>&nbsp;<\/p>\n<div class=\"flex items-center gap-1.5 text-xs\"><\/div>\n<div class=\"flex\"><\/div>\n<\/div>\n<\/div>\n<div class=\"pr-2 lg:pr-0\"><\/div>\n<\/div>\n<div class=\"absolute\">\n<div class=\"flex w-full gap-2 items-center justify-center\"><\/div>\n<\/div>\n<\/div>\n<\/div>\n<\/div>\n<\/div>\n<\/div>\n<\/div>\n<\/div>\n<\/div>\n<div class=\"w-full pt-2 md:pt-0 dark:border-white\/20 md:border-transparent md:dark:border-transparent md:w-[calc(100%-.5rem)]\">\n<div class=\"relative flex h-full flex-1 flex-col\">\n<div class=\"flex w-full items-center\"><\/div>\n<\/div>\n<\/div>","protected":false},"excerpt":{"rendered":"<p>Ne glede na to, ali se odlo\u010dite za naravno su\u0161enje, su\u0161enje s su\u0161ilcem ali likanjem las boste vedno za\u0161\u010diteni. <strong>Va\u0161i lasje bodo za\u0161\u010diteni pred toplotnimi po\u0161kodbami do 450 \u00b0F ali 232 \u00b0C.<\/strong> Kakorkoli \u017ee, u\u017eivali boste v <strong>72-urni za\u0161\u010diti<\/strong> pred naelektrenostjo in vla\u017enostjo, ter kon\u010dnim videzom, ki zagotavlja mehke, sijo\u010de pramene.<\/p>\n<p>Formule InnerJoi\u2122 Preserve, ki vsebujejo olje iz malinovih semen in izvle\u010dek iz korenine pese, so bile posebej razvite za boj proti izpiranju barve. Va\u0161im barvanim lasem ponudite ravno tisto nego in za\u0161\u010dito, ki jo potrebujejo, da ostanejo \u017eivahni in obstojni tako dolgo, kot bi \u017eeleli.<\/p>\n<p><a href=\"https:\/\/shop.tjasha.si\/wp-content\/uploads\/sites\/2\/2024\/03\/style-blowout-creme-w-initiatives-beige-bg.png\"><img fetchpriority=\"high\" decoding=\"async\" class=\"alignnone size-medium wp-image-9909\" src=\"https:\/\/shop.tjasha.si\/wp-content\/uploads\/sites\/2\/2024\/03\/style-blowout-creme-w-initiatives-beige-bg-300x300.png\" alt=\"\" width=\"300\" height=\"300\" srcset=\"https:\/\/shop.tjasha.si\/wp-content\/uploads\/sites\/2\/2024\/03\/style-blowout-creme-w-initiatives-beige-bg-300x300.png 300w, https:\/\/shop.tjasha.si\/wp-content\/uploads\/sites\/2\/2024\/03\/style-blowout-creme-w-initiatives-beige-bg-150x150.png 150w, https:\/\/shop.tjasha.si\/wp-content\/uploads\/sites\/2\/2024\/03\/style-blowout-creme-w-initiatives-beige-bg-768x768.png 768w, https:\/\/shop.tjasha.si\/wp-content\/uploads\/sites\/2\/2024\/03\/style-blowout-creme-w-initiatives-beige-bg-120x120.png 120w, https:\/\/shop.tjasha.si\/wp-content\/uploads\/sites\/2\/2024\/03\/style-blowout-creme-w-initiatives-beige-bg-12x12.png 12w, https:\/\/shop.tjasha.si\/wp-content\/uploads\/sites\/2\/2024\/03\/style-blowout-creme-w-initiatives-beige-bg-600x600.png 600w, https:\/\/shop.tjasha.si\/wp-content\/uploads\/sites\/2\/2024\/03\/style-blowout-creme-w-initiatives-beige-bg-64x64.png 64w, https:\/\/shop.tjasha.si\/wp-content\/uploads\/sites\/2\/2024\/03\/style-blowout-creme-w-initiatives-beige-bg.png 1000w\" sizes=\"(max-width: 300px) 100vw, 300px\" \/><\/a><\/p>\n<p>Zakaj vam bo v\u0161e\u010d:<\/p>\n<p>96% naravno pridobljenih sestavin*<\/p>\n<p>Uporabite s toploto ali pustite, da se posu\u0161i na zraku<\/p>\n<p>Zmanj\u0161uje naelektrenost las, ki jo povzro\u010da vlaga, do 72 ur**<\/p>\n<p>\u0160\u010diti pred toplotnimi po\u0161kodbami do 450 \u00b0F ali 232 \u00b0C<\/p>\n<p>Lasi\u0161\u010de je mehko na otip in lasje izgledajo sijo\u010de<\/p>\n<p>*Po standardu ISO 16128 86%-98% naravno pridobljenih pomeni, da rastlinski in mineralni materiali ter voda, ki do\u017eivijo omejeno obdelavo, tvorijo vsaj 86%-98% formul ** v primerjavi z negovanimi lasmi, pri 85% relativni vla\u017enosti zraka<\/p>\n<p>&nbsp;<\/p>\n<p>VEGANSKI PROTEIN: Ta veganska oblika beljakovin, narejena iz graha in rastlinskih virov, posnema beljakovine, ki se naravno nahajajo v laseh.<\/p>\n<p>OLIVNI ESTER: Biorazgradljiv in recikliran iz proizvodnje olivnega olja, ta olivni ester pomaga pri podpori zdravemu videzu las.<\/p>\n<p>MAGNEZIJEVA SOL: Pogosto znana kot epsomova sol, zagotavlja lahko teksturo in polnost las.<\/p>\n<p>CELOSTNE SESTAVINE:<\/p>\n<p>Aqua (voda), magnezijev sulfat, polisorbat 20, fenoksietanol, parfum (di\u0161ava), natrijev benzoat, silika, natrijev glukonat, etilheksil olivat, hidrolizirani grahov protein, hidroliziran rastlinski protein, olje kokosa, skvalan, kalijev sorbat, citronska kislina, linalool, citronelol, heksil cinnamal, alfa-izometil ionon, limonen.<\/p>","protected":false},"featured_media":9908,"template":"","meta":{"_acf_changed":false,"inline_featured_image":false,"_monsterinsights_skip_tracking":false,"_monsterinsights_sitenote_active":false,"_monsterinsights_sitenote_note":"","_monsterinsights_sitenote_category":0},"product_cat":[361,155,199],"product_tag":[],"aioseo_notices":[],"acf":[],"_links":{"self":[{"href":"https:\/\/shop.tjasha.si\/en\/wp-json\/wp\/v2\/product\/9907"}],"collection":[{"href":"https:\/\/shop.tjasha.si\/en\/wp-json\/wp\/v2\/product"}],"about":[{"href":"https:\/\/shop.tjasha.si\/en\/wp-json\/wp\/v2\/types\/product"}],"version-history":[{"count":3,"href":"https:\/\/shop.tjasha.si\/en\/wp-json\/wp\/v2\/product\/9907\/revisions"}],"predecessor-version":[{"id":10055,"href":"https:\/\/shop.tjasha.si\/en\/wp-json\/wp\/v2\/product\/9907\/revisions\/10055"}],"wp:featuredmedia":[{"embeddable":true,"href":"https:\/\/shop.tjasha.si\/en\/wp-json\/wp\/v2\/media\/9908"}],"wp:attachment":[{"href":"https:\/\/shop.tjasha.si\/en\/wp-json\/wp\/v2\/media?parent=9907"}],"wp:term":[{"taxonomy":"product_cat","embeddable":true,"href":"https:\/\/shop.tjasha.si\/en\/wp-json\/wp\/v2\/product_cat?post=9907"},{"taxonomy":"product_tag","embeddable":true,"href":"https:\/\/shop.tjasha.si\/en\/wp-json\/wp\/v2\/product_tag?post=9907"}],"curies":[{"name":"wp","href":"https:\/\/api.w.org\/{rel}","templated":true}]}}