{"id":9918,"date":"2024-03-10T09:54:03","date_gmt":"2024-03-10T09:54:03","guid":{"rendered":"https:\/\/shop.tjasha.si\/?post_type=product&#038;p=9918"},"modified":"2026-03-15T10:47:25","modified_gmt":"2026-03-15T10:47:25","slug":"inner-joi-strengthening-shampoo-300ml","status":"publish","type":"product","link":"https:\/\/shop.tjasha.si\/en\/trgovina\/inner-joi-strengthening-shampoo-300ml\/","title":{"rendered":"Inner Joi Strengthening shampoo 300ml"},"content":{"rendered":"<p>Na\u0161a formula Inner Joi\u2122 Strengthen, je narejena s kokosovim in abesinskim oljem, pomagajo popraviti po\u0161kodovane lase, hkrati pa okrepi lase in zmanj\u0161ujejo mo\u017enost za nadalnje po\u0161kodbe las.<\/p>","protected":false},"excerpt":{"rendered":"<p>Na\u0161a formula <strong>Inner Joi\u2122 Strengthen<\/strong>, je narejena s kokosovim in abesinskim oljem, <strong>pomaga popraviti po\u0161kodovane lase<\/strong>, hkrati pa okrepi lase, zmanj\u0161ujejo mo\u017enost za nadalnje po\u0161kodbe las in ohranja barvo.<\/p>\n<p><a href=\"https:\/\/shop.tjasha.si\/wp-content\/uploads\/sites\/2\/2024\/03\/strengthen-shampoo-with-badges-1.jpg\"><img fetchpriority=\"high\" decoding=\"async\" class=\"alignnone size-medium wp-image-9956\" src=\"https:\/\/shop.tjasha.si\/wp-content\/uploads\/sites\/2\/2024\/03\/strengthen-shampoo-with-badges-1-300x300.jpg\" alt=\"\" width=\"300\" height=\"300\" srcset=\"https:\/\/shop.tjasha.si\/wp-content\/uploads\/sites\/2\/2024\/03\/strengthen-shampoo-with-badges-1-300x300.jpg 300w, https:\/\/shop.tjasha.si\/wp-content\/uploads\/sites\/2\/2024\/03\/strengthen-shampoo-with-badges-1-150x150.jpg 150w, https:\/\/shop.tjasha.si\/wp-content\/uploads\/sites\/2\/2024\/03\/strengthen-shampoo-with-badges-1-768x768.jpg 768w, https:\/\/shop.tjasha.si\/wp-content\/uploads\/sites\/2\/2024\/03\/strengthen-shampoo-with-badges-1-120x120.jpg 120w, https:\/\/shop.tjasha.si\/wp-content\/uploads\/sites\/2\/2024\/03\/strengthen-shampoo-with-badges-1-12x12.jpg 12w, https:\/\/shop.tjasha.si\/wp-content\/uploads\/sites\/2\/2024\/03\/strengthen-shampoo-with-badges-1-600x600.jpg 600w, https:\/\/shop.tjasha.si\/wp-content\/uploads\/sites\/2\/2024\/03\/strengthen-shampoo-with-badges-1-64x64.jpg 64w, https:\/\/shop.tjasha.si\/wp-content\/uploads\/sites\/2\/2024\/03\/strengthen-shampoo-with-badges-1.jpg 1000w\" sizes=\"(max-width: 300px) 100vw, 300px\" \/><\/a><\/p>\n<p>Zakaj vam bo v\u0161e\u010d:<\/p>\n<p>90% naravno pridobljenih sestavin*<\/p>\n<p>Bogata pena<\/p>\n<p>Ne\u017eno \u010di\u0161\u010denje<\/p>\n<p>Brez sulfatov SLS\/SLES**<\/p>\n<p>*Po standardu ISO 16128 86%-98% naravno pridobljenih pomeni, da rastlinski in mineralni materiali ter voda, ki do\u017eivijo omejeno obdelavo, tvorijo vsaj 86%-98% formul **SLS\/SLES = natrijev lavril sulfat\/natrijev lauret sulfat<a href=\"https:\/\/shop.tjasha.si\/wp-content\/uploads\/sites\/2\/2024\/03\/innerjoi-hydrate-ingredients-graphics-beige-bg-600x525-1.jpg\"><img decoding=\"async\" class=\"alignnone size-medium wp-image-9898\" src=\"https:\/\/shop.tjasha.si\/wp-content\/uploads\/sites\/2\/2024\/03\/innerjoi-hydrate-ingredients-graphics-beige-bg-600x525-1-300x263.jpg\" alt=\"\" width=\"300\" height=\"263\" srcset=\"https:\/\/shop.tjasha.si\/wp-content\/uploads\/sites\/2\/2024\/03\/innerjoi-hydrate-ingredients-graphics-beige-bg-600x525-1-300x263.jpg 300w, https:\/\/shop.tjasha.si\/wp-content\/uploads\/sites\/2\/2024\/03\/innerjoi-hydrate-ingredients-graphics-beige-bg-600x525-1-14x12.jpg 14w, https:\/\/shop.tjasha.si\/wp-content\/uploads\/sites\/2\/2024\/03\/innerjoi-hydrate-ingredients-graphics-beige-bg-600x525-1-120x105.jpg 120w, https:\/\/shop.tjasha.si\/wp-content\/uploads\/sites\/2\/2024\/03\/innerjoi-hydrate-ingredients-graphics-beige-bg-600x525-1-64x56.jpg 64w, https:\/\/shop.tjasha.si\/wp-content\/uploads\/sites\/2\/2024\/03\/innerjoi-hydrate-ingredients-graphics-beige-bg-600x525-1.jpg 600w\" sizes=\"(max-width: 300px) 100vw, 300px\" \/><\/a><\/p>\n<p>VEGANSKI PROTEIN: Ta veganska oblika beljakovin, narejena iz graha in rastlinskih virov, posnema beljakovine, ki se naravno nahajajo v laseh.<\/p>\n<p>OLIVNI ESTER: Biorazgradljiv in recikliran iz proizvodnje olivnega olja, ta olivni ester pomaga pri podpori zdravemu videzu las.<\/p>\n<p>OLJ\u010cNO OLJE: Poznan super\u017eivilski izdelek, ki se \u017ee stoletja uporablja tako v negi ko\u017ee kot tudi las.<\/p>\n<p>ABISINSKO OLJE: Bogato z antioksidanti in vitamini, abisinsko olje je tudi okolju prijazno zaradi svoje nizke porabe vode.<\/p>\n<p>CELOSTNE SESTAVINE:<\/p>\n<p>Aqua (voda), natrijev metil kokoil taurat, kokamidopropil betain, dekil glukozid, natrijev metil 2-sulfolaurat, PEG-120 metil glukozni trioleat, betain, glicerin, lauril glukozid, fenoksietanol, parfum (di\u0161ava), natrijev benzoat, sklerotijeva guma, citronska kislina, disodium 2-sulfolaurat, dioleoiletil hidroksietilmonium metosulfat, guar hidroksipropiltrimonijev klorid, natrijev glukonat, pantenol, propanediol, propilen glikol, kokosovo olje, izoamil laurat, olje semen crambe abyssinica, benzil alkohol, etilheksil olivat, hidrolizirani grahov protein, hidroliziran rastlinski protein, hidrolizirani estri jojobinih, skvalan, metil oleat, kalijev sorbat, biotin, natrijev hidroksid, heksil cinnamal, limonen, alfa-izometil ionon.<\/p>","protected":false},"featured_media":9919,"template":"","meta":{"_acf_changed":false,"inline_featured_image":false,"_monsterinsights_skip_tracking":false,"_monsterinsights_sitenote_active":false,"_monsterinsights_sitenote_note":"","_monsterinsights_sitenote_category":0},"product_cat":[361,155,199],"product_tag":[],"aioseo_notices":[],"acf":[],"_links":{"self":[{"href":"https:\/\/shop.tjasha.si\/en\/wp-json\/wp\/v2\/product\/9918"}],"collection":[{"href":"https:\/\/shop.tjasha.si\/en\/wp-json\/wp\/v2\/product"}],"about":[{"href":"https:\/\/shop.tjasha.si\/en\/wp-json\/wp\/v2\/types\/product"}],"version-history":[{"count":4,"href":"https:\/\/shop.tjasha.si\/en\/wp-json\/wp\/v2\/product\/9918\/revisions"}],"predecessor-version":[{"id":10058,"href":"https:\/\/shop.tjasha.si\/en\/wp-json\/wp\/v2\/product\/9918\/revisions\/10058"}],"wp:featuredmedia":[{"embeddable":true,"href":"https:\/\/shop.tjasha.si\/en\/wp-json\/wp\/v2\/media\/9919"}],"wp:attachment":[{"href":"https:\/\/shop.tjasha.si\/en\/wp-json\/wp\/v2\/media?parent=9918"}],"wp:term":[{"taxonomy":"product_cat","embeddable":true,"href":"https:\/\/shop.tjasha.si\/en\/wp-json\/wp\/v2\/product_cat?post=9918"},{"taxonomy":"product_tag","embeddable":true,"href":"https:\/\/shop.tjasha.si\/en\/wp-json\/wp\/v2\/product_tag?post=9918"}],"curies":[{"name":"wp","href":"https:\/\/api.w.org\/{rel}","templated":true}]}}